{"id":1098,"date":"2026-02-03T19:10:06","date_gmt":"2026-02-03T18:10:06","guid":{"rendered":"https:\/\/lunarium-academy.com\/?page_id=1098"},"modified":"2026-02-10T14:24:41","modified_gmt":"2026-02-10T13:24:41","slug":"meditacios-klub","status":"publish","type":"page","link":"https:\/\/lunarium-academy.com\/en\/meditacios-klub\/","title":{"rendered":"Medit\u00e1ci\u00f3s Klub"},"content":{"rendered":"<section class=\"bde-section-1098-159 bde-section\">\n  \n  \n\t\n\n\n\n<div class=\"section-container\"><div class=\"bde-columns-1098-160 bde-columns\"><div class=\"bde-column-1098-161 bde-column\">\n  \n  \n\t\n\n\n\n<img decoding=\"async\" class=\"bde-image2-1098-162 bde-image2\" src=\"https:\/\/lunarium-academy.com\/wp-content\/uploads\/2026\/02\/lunarium-academy-klub-01.webp\" loading=\"lazy\" srcset=\"https:\/\/lunarium-academy.com\/wp-content\/uploads\/2026\/02\/lunarium-academy-klub-01.webp 1080w, https:\/\/lunarium-academy.com\/wp-content\/uploads\/2026\/02\/lunarium-academy-klub-01-240x300.webp 240w, https:\/\/lunarium-academy.com\/wp-content\/uploads\/2026\/02\/lunarium-academy-klub-01-819x1024.webp 819w, https:\/\/lunarium-academy.com\/wp-content\/uploads\/2026\/02\/lunarium-academy-klub-01-768x960.webp 768w, https:\/\/lunarium-academy.com\/wp-content\/uploads\/2026\/02\/lunarium-academy-klub-01-10x12.webp 10w, https:\/\/lunarium-academy.com\/wp-content\/uploads\/2026\/02\/lunarium-academy-klub-01-600x750.webp 600w\" sizes=\"(max-width: 1080px) 100vw, 1080px\">\n<\/div><div class=\"bde-column-1098-163 bde-column\">\n  \n  \n\t\n\n\n\n<div class=\"bde-div-1098-164 bde-div\">\n  \n  \n\t\n\n\n\n<h1 class=\"bde-heading-1098-165 bde-heading\">\n\u00d6nfejleszt\u00e9si \u00e9s medit\u00e1ci\u00f3s klub\n<\/h1><div class=\"bde-rich-text-1098-168 bde-rich-text breakdance-rich-text-styles\">\n<p>A Lunarium Academy Medit\u00e1ci\u00f3s Klubban olyan \u00faj vide\u00f3 felv\u00e9telekhez,<span class=\"Apple-converted-space\">\u00a0<\/span>MEDIT\u00c1CI\u00d3S \u00e9s \u00d6NFEJLESZT\u00c9SI<span class=\"Apple-converted-space\">\u00a0<\/span>tartalmakhoz f\u00e9rsz hozz\u00e1 HAVONTA,<span class=\"Apple-converted-space\">\u00a0<\/span>amelyek\u00a0<b>tudatosan fel\u00e9p\u00edtettek,<span class=\"Apple-converted-space\">\u00a0<\/span><\/b><b>szakmailag megalapozottak<\/b>,<span class=\"Apple-converted-space\">\u00a0<\/span><b>\u00e9s val\u00f3di bels\u0151 munk\u00e1t t\u00e1mogatnak.<\/b><span class=\"Apple-converted-space\">\u00a0<\/span>A gyakorlatok t\u00f6bb\u00e9ves \u00f6nismereti, coaching- \u00e9s mentor\u00e1l\u00e1si tapasztalatra \u00e9p\u00fclnek,<span class=\"Apple-converted-space\">\u00a0<\/span>biztons\u00e1gos keretet adva a befel\u00e9 figyel\u00e9shez \u00e9s a szem\u00e9lyes fejl\u0151d\u00e9shez.<\/p>\n<p>\u00d6NMEGVAL\u00d3S\u00cdT\u00c1S, TUDATOS N\u0150VEKED\u00c9S, K\u00c9PESS\u00c9GEK ER\u0150S\u00d6D\u00c9SE, LELKI GYARAPOD\u00c1S L\u00c9P\u00c9SR\u0150L-L\u00c9P\u00c9SRE, H\u00d3NAPR\u00d3L-H\u00d3NAPRA.<\/p>\n<\/div><div class=\"bde-div-1098-224 bde-div\">\n  \n  \n\t\n\n\n\n<h3 class=\"bde-heading-1098-225 bde-heading\">\nBevezet\u0151 \u00c1r 3 h\u00f3napra m\u00e1rcius 31-ig:\n<\/h3><div class=\"bde-text-1098-226 bde-text\">\n12 000 Ft + \u00c1FA \/ f\u0151\n<\/div><div class=\"bde-text-1098-230 bde-text\">\nKezd\u00e9sn\u00e9l azonnal 2 medit\u00e1ci\u00f3val <br>\u00e9s egy ingyenes e-bookkal v\u00e1runk!\n<\/div><div class=\"bde-button-1098-227 bde-button\">\n    \n                                    \n    \n    \n    \n    \n            \n                    \n            \n            \n\n    \n    \n    \n    \n    \n    <a class=\"breakdance-link button-atom button-atom--custom bde-button__button\" href=\"https:\/\/lunarium-academy.com\/en\/checkout\/?add-to-cart=1125&wmc-currency=EUR\" target=\"_self\" data-type=\"url\"  >\n\n    \n        <span class=\"button-atom__text\">REGISTER NOW<\/span>\n\n        \n        \n                <\/a>\n\n    \n\n\n<\/div>\n<\/div>\n<\/div>\n<\/div><\/div><h2 class=\"bde-heading-1098-182 bde-heading\">\nA bel\u00e9p\u00e9sed ut\u00e1n r\u00f6gt\u00f6n k\u00e9t, egym\u00e1st kieg\u00e9sz\u00edt\u0151 medit\u00e1ci\u00f3hoz \u00e9s egy ingyenes e-bookhoz kapsz hozz\u00e1f\u00e9r\u00e9st:\n<\/h2><div class=\"bde-grid-1098-193 bde-grid\">\n  \n  \n\t\n\n\n\n<div class=\"bde-div-1098-194 bde-div\">\n  \n  \n\t\n\n\n\n<div class=\"bde-icon-1098-195 bde-icon\">\n\n    \n            <div class=\"bde-icon-icon breakdance-icon-atom\" >\n    \n                    <svg xmlns=\"http:\/\/www.w3.org\/2000\/svg\" id=\"icon-mic\" viewbox=\"0 0 32 32\">\n<path d=\"M15 22c2.761 0 5-2.239 5-5v-12c0-2.761-2.239-5-5-5s-5 2.239-5 5v12c0 2.761 2.239 5 5 5zM22 14v3c0 3.866-3.134 7-7 7s-7-3.134-7-7v-3h-2v3c0 4.632 3.5 8.447 8 8.944v4.056h-4v2h10v-2h-4v-4.056c4.5-0.497 8-4.312 8-8.944v-3h-2z\"\/>\n<\/svg>\n        \n        \n        \n            <\/div>\n    \n\n\n<\/div><h2 class=\"bde-heading-1098-196 bde-heading\">\n2026 energetikai \u00e9s csillag-asztrol\u00f3giai el\u0151rejelz\u00e9s\n<\/h2><div class=\"bde-rich-text-1098-197 bde-rich-text breakdance-rich-text-styles\">\n<p>Ez a medit\u00e1ci\u00f3 seg\u00edt r\u00e1hangol\u00f3dni az el\u0151tt\u00fcnk \u00e1ll\u00f3 \u00e9v min\u0151s\u00e9geire, t\u00e1mogatja a tudatos tervez\u00e9st, \u00e9s megmutatja, milyen bels\u0151 f\u00f3kuszokra \u00e9rdemes \u00e9p\u00edtened 2026-ban.<\/p>\n<\/div>\n<\/div><div class=\"bde-div-1098-198 bde-div\">\n  \n  \n\t\n\n\n\n<div class=\"bde-icon-1098-199 bde-icon\">\n\n    \n            <div class=\"bde-icon-icon breakdance-icon-atom\" >\n    \n                    <svg xmlns=\"http:\/\/www.w3.org\/2000\/svg\" id=\"icon-mic\" viewbox=\"0 0 32 32\">\n<path d=\"M15 22c2.761 0 5-2.239 5-5v-12c0-2.761-2.239-5-5-5s-5 2.239-5 5v12c0 2.761 2.239 5 5 5zM22 14v3c0 3.866-3.134 7-7 7s-7-3.134-7-7v-3h-2v3c0 4.632 3.5 8.447 8 8.944v4.056h-4v2h10v-2h-4v-4.056c4.5-0.497 8-4.312 8-8.944v-3h-2z\"\/>\n<\/svg>\n        \n        \n        \n            <\/div>\n    \n\n\n<\/div><h2 class=\"bde-heading-1098-200 bde-heading\">\nCsakr\u00e1k \u00f6sszehangol\u00e1sa \u2013 a teremt\u0151 er\u0151 meger\u0151s\u00edt\u00e9se\n<\/h2><div class=\"bde-rich-text-1098-201 bde-rich-text breakdance-rich-text-styles\">\n<p>A csakrarendszer harmoniz\u00e1l\u00e1s\u00e1n kereszt\u00fcl er\u0151s\u00edti a bels\u0151 egyens\u00falyt \u00e9s a teremt\u0151 energi\u00e1kat, hogy tiszt\u00e1bban, stabilabban \u00e9s nagyobb bels\u0151 er\u0151vel haladj a saj\u00e1t utadon.<\/p>\n<\/div>\n<\/div>\n<\/div><div class=\"bde-rich-text-1098-177 bde-rich-text breakdance-rich-text-styles\">\n<p>Ez m\u00e9g csak a kezdet: a klub h\u00f3napr\u00f3l h\u00f3napra \u00faj medit\u00e1ci\u00f3s anyagokkal b\u0151v\u00fcl, mik\u00f6zben egy z\u00e1rt, biztons\u00e1gos fel\u00fcleten k\u00eds\u00e9r v\u00e9gig a bels\u0151 folyamataidon.<\/p>\n<\/div><\/div>\n<\/section><section class=\"bde-section-1098-202 bde-section\">\n  \n  \n\t\n\n\n\n<div class=\"section-container\"><div class=\"bde-columns-1098-204 bde-columns\"><div class=\"bde-column-1098-205 bde-column\">\n  \n  \n\t\n\n\n\n<h3 class=\"bde-heading-1098-203 bde-heading\">\nMi ez?\n<\/h3><div class=\"bde-rich-text-1098-207 bde-rich-text breakdance-rich-text-styles\">\n<p>A Lunarium Academy \u00d6nfejleszt\u00e9si \u00e9s Medit\u00e1ci\u00f3s Klub egy z\u00e1rt, online k\u00f6z\u00f6ss\u00e9g, ahol minden h\u00f3napban \u00faj, inspir\u00e1l\u00f3 medit\u00e1ci\u00f3kkal, webin\u00e1rokkal tal\u00e1lkozhatsz \u00e9l\u0151ben<span class=\"Apple-converted-space\">\u00a0<\/span>vagy ut\u00e1na felv\u00e9telen.<span class=\"Apple-converted-space\">\u00a0<\/span><\/p>\n<p>C\u00e9lunk, hogy folyamatos t\u00e1mogat\u00e1st kapj a tudatos \u00e9letm\u00f3d \u00e9s a bels\u0151 egyens\u00faly kialak\u00edt\u00e1s\u00e1hoz. Hogy ne csak olvass r\u00f3la, hanem tudd integr\u00e1lni a v\u00e1ltoz\u00e1st a mindennapjaidba.<\/p>\n<p>Hisz\u00fcnk abban, hogy mindenki k\u00e9pes a v\u00e1ltoz\u00e1sra,<span class=\"Apple-converted-space\">\u00a0<\/span><\/p>\n<p>ha felismeri a saj\u00e1t bels\u0151 erej\u00e9t.\u00a0<\/p>\n<\/div>\n<\/div><div class=\"bde-column-1098-214 bde-column\">\n  \n  \n\t\n\n\n\n<img decoding=\"async\" class=\"bde-image2-1098-215 bde-image2\" src=\"https:\/\/lunarium-academy.com\/wp-content\/uploads\/2026\/02\/lunarium-academy-klub-02.webp\" loading=\"lazy\" srcset=\"https:\/\/lunarium-academy.com\/wp-content\/uploads\/2026\/02\/lunarium-academy-klub-02.webp 1080w, https:\/\/lunarium-academy.com\/wp-content\/uploads\/2026\/02\/lunarium-academy-klub-02-300x300.webp 300w, https:\/\/lunarium-academy.com\/wp-content\/uploads\/2026\/02\/lunarium-academy-klub-02-1024x1024.webp 1024w, https:\/\/lunarium-academy.com\/wp-content\/uploads\/2026\/02\/lunarium-academy-klub-02-150x150.webp 150w, https:\/\/lunarium-academy.com\/wp-content\/uploads\/2026\/02\/lunarium-academy-klub-02-768x768.webp 768w, https:\/\/lunarium-academy.com\/wp-content\/uploads\/2026\/02\/lunarium-academy-klub-02-12x12.webp 12w, https:\/\/lunarium-academy.com\/wp-content\/uploads\/2026\/02\/lunarium-academy-klub-02-600x600.webp 600w\" sizes=\"(max-width: 1080px) 100vw, 1080px\">\n<\/div><\/div><\/div>\n<\/section><section id=\"urlap\" class=\"bde-section-1098-144 bde-section\">\n  \n  \n\t\n\n\n\n<div class=\"section-container\"><h2 class=\"bde-heading-1098-145 bde-heading\">\nMedit\u00e1ci\u00f3k\n<\/h2><h2 class=\"bde-heading-1098-231 bde-heading\">\nElenged\u00e9s \u2013 \u00fajraprogramoz\u00e1s \u2013 \u00e9bred\u00e9s\n<\/h2><div class=\"bde-rich-text-1098-232 bde-rich-text breakdance-rich-text-styles\">\n<p>A medit\u00e1ci\u00f3 sor\u00e1n tudatosan elengedheted a felesleges mint\u00e1kat, dolgozhatsz a gener\u00e1ci\u00f3kon \u00e1t \u00f6r\u00f6kl\u0151d\u0151 blokkokkal, \u00e9s lez\u00e1rhatod a K\u00edgy\u00f3 \u00e9ve ciklus\u00e1t, hogy k\u00f6nnyedebben l\u00e9pj a L\u00f3 \u00e9ve szabads\u00e1g\u00e1ba.<br \/>A felv\u00e9tel egy <strong>2026-os asztrol\u00f3giai\u2013energetikai el\u0151rejelz\u00e9st<\/strong> is tartalmaz, \u00edgy a bels\u0151 munka mellett a k\u00f6vetkez\u0151 \u00e9v energi\u00e1ira is felk\u00e9sz\u00fclhetsz.<\/p>\n<p><strong>Csakr\u00e1k \u00f6sszehangol\u00e1sa \u2013 a teremt\u0151 er\u0151 meger\u0151s\u00edt\u00e9se<\/strong><br \/>A csakrarendszer harmoniz\u00e1l\u00e1s\u00e1n kereszt\u00fcl er\u0151s\u00edti a bels\u0151 egyens\u00falyt \u00e9s a teremt\u0151 energi\u00e1kat, hogy tiszt\u00e1bban, stabilabban \u00e9s nagyobb bels\u0151 er\u0151vel haladj a saj\u00e1t utadon.<\/p>\n<\/div><\/div>\n<\/section><section id=\"jelentkezes\" class=\"bde-section-1098-149 bde-section\">\n  \n  \n\t\n\n\n\n<div class=\"section-container\"><div class=\"bde-text-1098-150 bde-text\">\nHa k\u00edv\u00e1ncsi vagy arra, hogyan integr\u00e1lhat\u00f3 a csillag-asztrol\u00f3gia egy coaching vagy pszichol\u00f3giai folyamatba, akkor v\u00e1runk!\n<\/div><h2 class=\"bde-heading-1098-151 bde-heading\">\nCsatlakozz a Lunarium Academy Medit\u00e1ci\u00f3s Klubhoz, \u00e9s indulj el egy kiegyens\u00falyozottabb \u00e9let fel\u00e9.\n<\/h2><div class=\"bde-button-1098-152 bde-button\">\n    \n                                    \n    \n    \n    \n    \n            \n                    \n            \n            \n\n    \n    \n    \n    \n    \n    <a class=\"breakdance-link button-atom button-atom--custom bde-button__button\" href=\"https:\/\/lunarium-academy.com\/en\/checkout\/?add-to-cart=1125&wmc-currency=EUR\" target=\"_self\" data-type=\"url\"  >\n\n    \n        <span class=\"button-atom__text\">Csatlakozom<\/span>\n\n        \n        \n                <\/a>\n\n    \n\n\n<\/div><\/div>\n<\/section>","protected":false},"excerpt":{"rendered":"<p>\u00d6nfejleszt\u00e9si \u00e9s medit\u00e1ci\u00f3s klub A Lunarium Academy Medit\u00e1ci\u00f3s Klubban olyan \u00faj vide\u00f3 felv\u00e9telekhez,\u00a0MEDIT\u00c1CI\u00d3S \u00e9s \u00d6NFEJLESZT\u00c9SI\u00a0tartalmakhoz f\u00e9rsz hozz\u00e1 HAVONTA,\u00a0amelyek\u00a0tudatosan fel\u00e9p\u00edtettek,\u00a0szakmailag megalapozottak,\u00a0\u00e9s val\u00f3di bels\u0151 munk\u00e1t t\u00e1mogatnak.\u00a0A gyakorlatok t\u00f6bb\u00e9ves \u00f6nismereti, coaching- \u00e9s mentor\u00e1l\u00e1si tapasztalatra \u00e9p\u00fclnek,\u00a0biztons\u00e1gos keretet adva a befel\u00e9 figyel\u00e9shez \u00e9s a szem\u00e9lyes fejl\u0151d\u00e9shez. \u00d6NMEGVAL\u00d3S\u00cdT\u00c1S, TUDATOS N\u0150VEKED\u00c9S, K\u00c9PESS\u00c9GEK ER\u0150S\u00d6D\u00c9SE, LELKI GYARAPOD\u00c1S L\u00c9P\u00c9SR\u0150L-L\u00c9P\u00c9SRE, H\u00d3NAPR\u00d3L-H\u00d3NAPRA. Bevezet\u0151 \u00c1r 3 h\u00f3napra m\u00e1rcius [&hellip;]<\/p>\n","protected":false},"author":1,"featured_media":0,"parent":0,"menu_order":0,"comment_status":"closed","ping_status":"closed","template":"","meta":{"_breakdance_hide_in_design_set":false,"_breakdance_tags":"","footnotes":""},"class_list":["post-1098","page","type-page","status-publish","hentry"],"yoast_head":"<!-- This site is optimized with the Yoast SEO Premium plugin v27.5 (Yoast SEO v27.5) - https:\/\/yoast.com\/product\/yoast-seo-premium-wordpress\/ -->\n<title>Medit\u00e1ci\u00f3s Klub - Lunarium Academy<\/title>\n<meta name=\"robots\" content=\"index, follow, max-snippet:-1, max-image-preview:large, max-video-preview:-1\" \/>\n<link rel=\"canonical\" href=\"https:\/\/lunarium-academy.com\/en\/meditacios-klub\/?wmc-currency=EUR\" \/>\n<meta property=\"og:locale\" content=\"en_GB\" \/>\n<meta property=\"og:type\" content=\"article\" \/>\n<meta property=\"og:title\" content=\"Medit\u00e1ci\u00f3s Klub\" \/>\n<meta property=\"og:description\" content=\"\u00d6nfejleszt\u00e9si \u00e9s medit\u00e1ci\u00f3s klub A Lunarium Academy Medit\u00e1ci\u00f3s Klubban olyan \u00faj vide\u00f3 felv\u00e9telekhez,\u00a0MEDIT\u00c1CI\u00d3S \u00e9s \u00d6NFEJLESZT\u00c9SI\u00a0tartalmakhoz f\u00e9rsz hozz\u00e1 HAVONTA,\u00a0amelyek\u00a0tudatosan fel\u00e9p\u00edtettek,\u00a0szakmailag megalapozottak,\u00a0\u00e9s val\u00f3di bels\u0151 munk\u00e1t t\u00e1mogatnak.\u00a0A gyakorlatok t\u00f6bb\u00e9ves \u00f6nismereti, coaching- \u00e9s mentor\u00e1l\u00e1si tapasztalatra \u00e9p\u00fclnek,\u00a0biztons\u00e1gos keretet adva a befel\u00e9 figyel\u00e9shez \u00e9s a szem\u00e9lyes fejl\u0151d\u00e9shez. \u00d6NMEGVAL\u00d3S\u00cdT\u00c1S, TUDATOS N\u0150VEKED\u00c9S, K\u00c9PESS\u00c9GEK ER\u0150S\u00d6D\u00c9SE, LELKI GYARAPOD\u00c1S L\u00c9P\u00c9SR\u0150L-L\u00c9P\u00c9SRE, H\u00d3NAPR\u00d3L-H\u00d3NAPRA. Bevezet\u0151 \u00c1r 3 h\u00f3napra m\u00e1rcius [&hellip;]\" \/>\n<meta property=\"og:url\" content=\"https:\/\/lunarium-academy.com\/en\/meditacios-klub\/?wmc-currency=EUR\" \/>\n<meta property=\"og:site_name\" content=\"Lunarium Academy\" \/>\n<meta property=\"article:modified_time\" content=\"2026-02-10T13:24:41+00:00\" \/>\n<meta name=\"twitter:card\" content=\"summary_large_image\" \/>\n<script type=\"application\/ld+json\" class=\"yoast-schema-graph\">{\"@context\":\"https:\\\/\\\/schema.org\",\"@graph\":[{\"@type\":\"WebPage\",\"@id\":\"https:\\\/\\\/lunarium-academy.com\\\/meditacios-klub\\\/\",\"url\":\"https:\\\/\\\/lunarium-academy.com\\\/meditacios-klub\\\/\",\"name\":\"Medit\u00e1ci\u00f3s Klub - Lunarium Academy\",\"isPartOf\":{\"@id\":\"https:\\\/\\\/lunarium-academy.com\\\/#website\"},\"datePublished\":\"2026-02-03T18:10:06+00:00\",\"dateModified\":\"2026-02-10T13:24:41+00:00\",\"breadcrumb\":{\"@id\":\"https:\\\/\\\/lunarium-academy.com\\\/meditacios-klub\\\/#breadcrumb\"},\"inLanguage\":\"en-GB\",\"potentialAction\":[{\"@type\":\"ReadAction\",\"target\":[\"https:\\\/\\\/lunarium-academy.com\\\/meditacios-klub\\\/\"]}]},{\"@type\":\"BreadcrumbList\",\"@id\":\"https:\\\/\\\/lunarium-academy.com\\\/meditacios-klub\\\/#breadcrumb\",\"itemListElement\":[{\"@type\":\"ListItem\",\"position\":1,\"name\":\"Kezd\u0151lap\",\"item\":\"https:\\\/\\\/lunarium-academy.com\\\/\"},{\"@type\":\"ListItem\",\"position\":2,\"name\":\"Medit\u00e1ci\u00f3s Klub\"}]},{\"@type\":\"WebSite\",\"@id\":\"https:\\\/\\\/lunarium-academy.com\\\/#website\",\"url\":\"https:\\\/\\\/lunarium-academy.com\\\/\",\"name\":\"Lunarium Academy\",\"description\":\"\",\"potentialAction\":[{\"@type\":\"SearchAction\",\"target\":{\"@type\":\"EntryPoint\",\"urlTemplate\":\"https:\\\/\\\/lunarium-academy.com\\\/?s={search_term_string}\"},\"query-input\":{\"@type\":\"PropertyValueSpecification\",\"valueRequired\":true,\"valueName\":\"search_term_string\"}}],\"inLanguage\":\"en-GB\"}]}<\/script>\n<!-- \/ Yoast SEO Premium plugin. -->","yoast_head_json":{"title":"Medit\u00e1ci\u00f3s Klub - Lunarium Academy","robots":{"index":"index","follow":"follow","max-snippet":"max-snippet:-1","max-image-preview":"max-image-preview:large","max-video-preview":"max-video-preview:-1"},"canonical":"https:\/\/lunarium-academy.com\/en\/meditacios-klub\/?wmc-currency=EUR","og_locale":"en_GB","og_type":"article","og_title":"Medit\u00e1ci\u00f3s Klub","og_description":"\u00d6nfejleszt\u00e9si \u00e9s medit\u00e1ci\u00f3s klub A Lunarium Academy Medit\u00e1ci\u00f3s Klubban olyan \u00faj vide\u00f3 felv\u00e9telekhez,\u00a0MEDIT\u00c1CI\u00d3S \u00e9s \u00d6NFEJLESZT\u00c9SI\u00a0tartalmakhoz f\u00e9rsz hozz\u00e1 HAVONTA,\u00a0amelyek\u00a0tudatosan fel\u00e9p\u00edtettek,\u00a0szakmailag megalapozottak,\u00a0\u00e9s val\u00f3di bels\u0151 munk\u00e1t t\u00e1mogatnak.\u00a0A gyakorlatok t\u00f6bb\u00e9ves \u00f6nismereti, coaching- \u00e9s mentor\u00e1l\u00e1si tapasztalatra \u00e9p\u00fclnek,\u00a0biztons\u00e1gos keretet adva a befel\u00e9 figyel\u00e9shez \u00e9s a szem\u00e9lyes fejl\u0151d\u00e9shez. \u00d6NMEGVAL\u00d3S\u00cdT\u00c1S, TUDATOS N\u0150VEKED\u00c9S, K\u00c9PESS\u00c9GEK ER\u0150S\u00d6D\u00c9SE, LELKI GYARAPOD\u00c1S L\u00c9P\u00c9SR\u0150L-L\u00c9P\u00c9SRE, H\u00d3NAPR\u00d3L-H\u00d3NAPRA. Bevezet\u0151 \u00c1r 3 h\u00f3napra m\u00e1rcius [&hellip;]","og_url":"https:\/\/lunarium-academy.com\/en\/meditacios-klub\/?wmc-currency=EUR","og_site_name":"Lunarium Academy","article_modified_time":"2026-02-10T13:24:41+00:00","twitter_card":"summary_large_image","schema":{"@context":"https:\/\/schema.org","@graph":[{"@type":"WebPage","@id":"https:\/\/lunarium-academy.com\/meditacios-klub\/","url":"https:\/\/lunarium-academy.com\/meditacios-klub\/","name":"Medit\u00e1ci\u00f3s Klub - Lunarium Academy","isPartOf":{"@id":"https:\/\/lunarium-academy.com\/#website"},"datePublished":"2026-02-03T18:10:06+00:00","dateModified":"2026-02-10T13:24:41+00:00","breadcrumb":{"@id":"https:\/\/lunarium-academy.com\/meditacios-klub\/#breadcrumb"},"inLanguage":"en-GB","potentialAction":[{"@type":"ReadAction","target":["https:\/\/lunarium-academy.com\/meditacios-klub\/"]}]},{"@type":"BreadcrumbList","@id":"https:\/\/lunarium-academy.com\/meditacios-klub\/#breadcrumb","itemListElement":[{"@type":"ListItem","position":1,"name":"Kezd\u0151lap","item":"https:\/\/lunarium-academy.com\/"},{"@type":"ListItem","position":2,"name":"Medit\u00e1ci\u00f3s Klub"}]},{"@type":"WebSite","@id":"https:\/\/lunarium-academy.com\/#website","url":"https:\/\/lunarium-academy.com\/","name":"Lunarium Academy","description":"","potentialAction":[{"@type":"SearchAction","target":{"@type":"EntryPoint","urlTemplate":"https:\/\/lunarium-academy.com\/?s={search_term_string}"},"query-input":{"@type":"PropertyValueSpecification","valueRequired":true,"valueName":"search_term_string"}}],"inLanguage":"en-GB"}]}},"_links":{"self":[{"href":"https:\/\/lunarium-academy.com\/en\/wp-json\/wp\/v2\/pages\/1098","targetHints":{"allow":["GET"]}}],"collection":[{"href":"https:\/\/lunarium-academy.com\/en\/wp-json\/wp\/v2\/pages"}],"about":[{"href":"https:\/\/lunarium-academy.com\/en\/wp-json\/wp\/v2\/types\/page"}],"author":[{"embeddable":true,"href":"https:\/\/lunarium-academy.com\/en\/wp-json\/wp\/v2\/users\/1"}],"replies":[{"embeddable":true,"href":"https:\/\/lunarium-academy.com\/en\/wp-json\/wp\/v2\/comments?post=1098"}],"version-history":[{"count":16,"href":"https:\/\/lunarium-academy.com\/en\/wp-json\/wp\/v2\/pages\/1098\/revisions"}],"predecessor-version":[{"id":1151,"href":"https:\/\/lunarium-academy.com\/en\/wp-json\/wp\/v2\/pages\/1098\/revisions\/1151"}],"wp:attachment":[{"href":"https:\/\/lunarium-academy.com\/en\/wp-json\/wp\/v2\/media?parent=1098"}],"curies":[{"name":"wp","href":"https:\/\/api.w.org\/{rel}","templated":true}]}}