{"id":1123,"date":"2026-02-05T15:45:38","date_gmt":"2026-02-05T14:45:38","guid":{"rendered":"https:\/\/lunarium-academy.com\/content-restricted\/"},"modified":"2026-02-10T14:40:53","modified_gmt":"2026-02-10T13:40:53","slug":"zarolt-tartalom","status":"publish","type":"page","link":"https:\/\/lunarium-academy.com\/en\/zarolt-tartalom\/","title":{"rendered":"Z\u00e1rolt tartalom"},"content":{"rendered":"<section class=\"bde-section-1123-100 bde-section\">\n  \n  \n\t\n\n\n\n<div class=\"section-container\"><a class=\"bde-container-link-1123-159 bde-container-link breakdance-link\" href=\"https:\/\/lunarium-academy.com\/en\/?wmc-currency=EUR\" target=\"_self\" data-type=\"url\">\n  \n  \n\t\n\n\n\n<img decoding=\"async\" class=\"bde-image2-1123-101 bde-image2\" src=\"https:\/\/lunarium-academy.com\/wp-content\/uploads\/2025\/06\/Lunarium-Academy-logo-2-e1751374537425.png\" loading=\"lazy\" srcset=\"https:\/\/lunarium-academy.com\/wp-content\/uploads\/2025\/06\/Lunarium-Academy-logo-2-e1751374537425.png 777w, https:\/\/lunarium-academy.com\/wp-content\/uploads\/2025\/06\/Lunarium-Academy-logo-2-e1751374537425-600x404.png 600w, https:\/\/lunarium-academy.com\/wp-content\/uploads\/2025\/06\/Lunarium-Academy-logo-2-e1751374537425-300x202.png 300w, https:\/\/lunarium-academy.com\/wp-content\/uploads\/2025\/06\/Lunarium-Academy-logo-2-e1751374537425-768x517.png 768w\" sizes=\"(max-width: 777px) 100vw, 777px\">\n\n<\/a><h1 class=\"bde-heading-1123-107 bde-heading\">\nZ\u00e1rolt tartalom\n<\/h1><div class=\"bde-div-1123-110 bde-div\">\n  \n  \n\t\n\n\n\n<h3 class=\"bde-heading-1123-111 bde-heading\">\nA medit\u00e1ci\u00f3k megtekint\u00e9se el\u0151fizet\u00e9shez k\u00f6t\u00f6tt, amelyet az al\u00e1bbi gombra kattintva tudsz megv\u00e1s\u00e1rolni.\n<\/h3><div class=\"bde-button-1123-113 bde-button\">\n    \n                                    \n    \n    \n    \n    \n            \n                    \n            \n            \n\n    \n    \n    \n    \n    \n    <a class=\"breakdance-link button-atom button-atom--custom bde-button__button\" href=\"https:\/\/lunarium-academy.com\/en\/meditacios-klub\/?wmc-currency=EUR\" target=\"_self\" data-type=\"url\"  >\n\n    \n        <span class=\"button-atom__text\">Csatlakozom<\/span>\n\n        \n        \n                <\/a>\n\n    \n\n\n<\/div>\n<\/div><\/div>\n<\/section><section class=\"bde-section-1123-153 bde-section\">\n  \n  \n\t\n\n\n\n<div class=\"section-container\"><div class=\"bde-social-icons-1123-154 bde-social-icons\">\n                  \n            \n            \n\n    \n    \n    \n    \n    \n    <a class=\"breakdance-link bde-social-icons__icon-wrapper bde-social-icons__icon-facebook\" href=\"https:\/\/www.facebook.com\/lunariumacademy\" target=\"_self\" data-type=\"url\" aria-label=\"facebook\" >\n\n             <svg xmlns=\"http:\/\/www.w3.org\/2000\/svg\" width=\"100%\" viewbox=\"0 0 24 24\">\n            <path d=\"M9 8h-3v4h3v12h5v-12h3.642l.358-4h-4v-1.667c0-.955.192-1.333 1.115-1.333h2.885v-5h-3.808c-3.596 0-5.192 1.583-5.192 4.615v3.385z\"\/>\n       <\/svg>\n              <\/a>\n\n                    \n            \n            \n\n    \n    \n    \n    \n    \n    <a class=\"breakdance-link bde-social-icons__icon-wrapper bde-social-icons__icon-linkedin\" href=\"https:\/\/www.linkedin.com\/company\/99934524\" target=\"_self\" data-type=\"url\" aria-label=\"linkedin\" >\n\n             <svg xmlns=\"http:\/\/www.w3.org\/2000\/svg\" width=\"100%\" viewbox=\"-4 -2 32 32\">\n            <path d=\"M4.98 3.5c0 1.381-1.11 2.5-2.48 2.5s-2.48-1.119-2.48-2.5c0-1.38 1.11-2.5 2.48-2.5s2.48 1.12 2.48 2.5zm.02 4.5h-5v16h5v-16zm7.982 0h-4.968v16h4.969v-8.399c0-4.67 6.029-5.052 6.029 0v8.399h4.988v-10.131c0-7.88-8.922-7.593-11.018-3.714v-2.155z\"\/>\n       <\/svg>\n              <\/a>\n\n    \n<\/div><div class=\"bde-div-1123-155 bde-div\">\n  \n  \n\t\n\n\n\n<a class=\"bde-text-link-1123-156 bde-text-link breakdance-link\" href=\"https:\/\/lunarium-academy.com\/en\/adatkezelesi-tajekoztato\/?wmc-currency=EUR\" target=\"_self\" data-type=\"url\">\n  Data Policy\n\n<\/a><a class=\"bde-text-link-1123-157 bde-text-link breakdance-link\" href=\"https:\/\/lunarium-academy.com\/en\/terms-of-service\/?wmc-currency=EUR\" target=\"_self\" data-type=\"url\">\n  Terms Of Service\n\n<\/a>\n<\/div><div class=\"bde-text-1123-158 bde-text\">\n\u00a9 2025 All rights reserved | Lunarium Academy\n<\/div><\/div>\n<\/section>","protected":false},"excerpt":{"rendered":"<p>Z\u00e1rolt tartalom A medit\u00e1ci\u00f3k megtekint\u00e9se el\u0151fizet\u00e9shez k\u00f6t\u00f6tt, amelyet az al\u00e1bbi gombra kattintva tudsz megv\u00e1s\u00e1rolni. Csatlakozom Adatv\u00e9delmi T\u00e1j\u00e9koztat\u00f3 \u00c1SZF \u00a9 2025 Minden jog fenntartva | Lunarium Academy<\/p>","protected":false},"author":1,"featured_media":0,"parent":0,"menu_order":0,"comment_status":"closed","ping_status":"closed","template":"breakdance_blank_canvas","meta":{"_breakdance_hide_in_design_set":false,"_breakdance_tags":"","footnotes":""},"class_list":["post-1123","page","type-page","status-publish","hentry"],"yoast_head":"<!-- This site is optimized with the Yoast SEO Premium plugin v27.5 (Yoast SEO v27.5) - https:\/\/yoast.com\/product\/yoast-seo-premium-wordpress\/ -->\n<title>Z\u00e1rolt tartalom - Lunarium Academy<\/title>\n<meta name=\"robots\" content=\"index, follow, max-snippet:-1, max-image-preview:large, max-video-preview:-1\" \/>\n<link rel=\"canonical\" href=\"https:\/\/lunarium-academy.com\/en\/zarolt-tartalom\/?wmc-currency=EUR\" \/>\n<meta property=\"og:locale\" content=\"en_GB\" \/>\n<meta property=\"og:type\" content=\"article\" \/>\n<meta property=\"og:title\" content=\"Z\u00e1rolt tartalom\" \/>\n<meta property=\"og:description\" content=\"Z\u00e1rolt tartalom A medit\u00e1ci\u00f3k megtekint\u00e9se el\u0151fizet\u00e9shez k\u00f6t\u00f6tt, amelyet az al\u00e1bbi gombra kattintva tudsz megv\u00e1s\u00e1rolni. Csatlakozom Adatv\u00e9delmi T\u00e1j\u00e9koztat\u00f3 \u00c1SZF \u00a9 2025 Minden jog fenntartva | Lunarium Academy\" \/>\n<meta property=\"og:url\" content=\"https:\/\/lunarium-academy.com\/en\/zarolt-tartalom\/?wmc-currency=EUR\" \/>\n<meta property=\"og:site_name\" content=\"Lunarium Academy\" \/>\n<meta property=\"article:modified_time\" content=\"2026-02-10T13:40:53+00:00\" \/>\n<meta name=\"twitter:card\" content=\"summary_large_image\" \/>\n<meta name=\"twitter:label1\" content=\"Estimated reading time\" \/>\n\t<meta name=\"twitter:data1\" content=\"1 minute\" \/>\n<script type=\"application\/ld+json\" class=\"yoast-schema-graph\">{\"@context\":\"https:\\\/\\\/schema.org\",\"@graph\":[{\"@type\":\"WebPage\",\"@id\":\"https:\\\/\\\/lunarium-academy.com\\\/zarolt-tartalom\\\/\",\"url\":\"https:\\\/\\\/lunarium-academy.com\\\/zarolt-tartalom\\\/\",\"name\":\"Z\u00e1rolt tartalom - Lunarium Academy\",\"isPartOf\":{\"@id\":\"https:\\\/\\\/lunarium-academy.com\\\/#website\"},\"datePublished\":\"2026-02-05T14:45:38+00:00\",\"dateModified\":\"2026-02-10T13:40:53+00:00\",\"breadcrumb\":{\"@id\":\"https:\\\/\\\/lunarium-academy.com\\\/zarolt-tartalom\\\/#breadcrumb\"},\"inLanguage\":\"en-GB\",\"potentialAction\":[{\"@type\":\"ReadAction\",\"target\":[\"https:\\\/\\\/lunarium-academy.com\\\/zarolt-tartalom\\\/\"]}]},{\"@type\":\"BreadcrumbList\",\"@id\":\"https:\\\/\\\/lunarium-academy.com\\\/zarolt-tartalom\\\/#breadcrumb\",\"itemListElement\":[{\"@type\":\"ListItem\",\"position\":1,\"name\":\"Kezd\u0151lap\",\"item\":\"https:\\\/\\\/lunarium-academy.com\\\/\"},{\"@type\":\"ListItem\",\"position\":2,\"name\":\"Z\u00e1rolt tartalom\"}]},{\"@type\":\"WebSite\",\"@id\":\"https:\\\/\\\/lunarium-academy.com\\\/#website\",\"url\":\"https:\\\/\\\/lunarium-academy.com\\\/\",\"name\":\"Lunarium Academy\",\"description\":\"\",\"potentialAction\":[{\"@type\":\"SearchAction\",\"target\":{\"@type\":\"EntryPoint\",\"urlTemplate\":\"https:\\\/\\\/lunarium-academy.com\\\/?s={search_term_string}\"},\"query-input\":{\"@type\":\"PropertyValueSpecification\",\"valueRequired\":true,\"valueName\":\"search_term_string\"}}],\"inLanguage\":\"en-GB\"}]}<\/script>\n<!-- \/ Yoast SEO Premium plugin. -->","yoast_head_json":{"title":"Z\u00e1rolt tartalom - Lunarium Academy","robots":{"index":"index","follow":"follow","max-snippet":"max-snippet:-1","max-image-preview":"max-image-preview:large","max-video-preview":"max-video-preview:-1"},"canonical":"https:\/\/lunarium-academy.com\/en\/zarolt-tartalom\/?wmc-currency=EUR","og_locale":"en_GB","og_type":"article","og_title":"Z\u00e1rolt tartalom","og_description":"Z\u00e1rolt tartalom A medit\u00e1ci\u00f3k megtekint\u00e9se el\u0151fizet\u00e9shez k\u00f6t\u00f6tt, amelyet az al\u00e1bbi gombra kattintva tudsz megv\u00e1s\u00e1rolni. Csatlakozom Adatv\u00e9delmi T\u00e1j\u00e9koztat\u00f3 \u00c1SZF \u00a9 2025 Minden jog fenntartva | Lunarium Academy","og_url":"https:\/\/lunarium-academy.com\/en\/zarolt-tartalom\/?wmc-currency=EUR","og_site_name":"Lunarium Academy","article_modified_time":"2026-02-10T13:40:53+00:00","twitter_card":"summary_large_image","twitter_misc":{"Estimated reading time":"1 minute"},"schema":{"@context":"https:\/\/schema.org","@graph":[{"@type":"WebPage","@id":"https:\/\/lunarium-academy.com\/zarolt-tartalom\/","url":"https:\/\/lunarium-academy.com\/zarolt-tartalom\/","name":"Z\u00e1rolt tartalom - Lunarium Academy","isPartOf":{"@id":"https:\/\/lunarium-academy.com\/#website"},"datePublished":"2026-02-05T14:45:38+00:00","dateModified":"2026-02-10T13:40:53+00:00","breadcrumb":{"@id":"https:\/\/lunarium-academy.com\/zarolt-tartalom\/#breadcrumb"},"inLanguage":"en-GB","potentialAction":[{"@type":"ReadAction","target":["https:\/\/lunarium-academy.com\/zarolt-tartalom\/"]}]},{"@type":"BreadcrumbList","@id":"https:\/\/lunarium-academy.com\/zarolt-tartalom\/#breadcrumb","itemListElement":[{"@type":"ListItem","position":1,"name":"Kezd\u0151lap","item":"https:\/\/lunarium-academy.com\/"},{"@type":"ListItem","position":2,"name":"Z\u00e1rolt tartalom"}]},{"@type":"WebSite","@id":"https:\/\/lunarium-academy.com\/#website","url":"https:\/\/lunarium-academy.com\/","name":"Lunarium Academy","description":"","potentialAction":[{"@type":"SearchAction","target":{"@type":"EntryPoint","urlTemplate":"https:\/\/lunarium-academy.com\/?s={search_term_string}"},"query-input":{"@type":"PropertyValueSpecification","valueRequired":true,"valueName":"search_term_string"}}],"inLanguage":"en-GB"}]}},"_links":{"self":[{"href":"https:\/\/lunarium-academy.com\/en\/wp-json\/wp\/v2\/pages\/1123","targetHints":{"allow":["GET"]}}],"collection":[{"href":"https:\/\/lunarium-academy.com\/en\/wp-json\/wp\/v2\/pages"}],"about":[{"href":"https:\/\/lunarium-academy.com\/en\/wp-json\/wp\/v2\/types\/page"}],"author":[{"embeddable":true,"href":"https:\/\/lunarium-academy.com\/en\/wp-json\/wp\/v2\/users\/1"}],"replies":[{"embeddable":true,"href":"https:\/\/lunarium-academy.com\/en\/wp-json\/wp\/v2\/comments?post=1123"}],"version-history":[{"count":6,"href":"https:\/\/lunarium-academy.com\/en\/wp-json\/wp\/v2\/pages\/1123\/revisions"}],"predecessor-version":[{"id":1157,"href":"https:\/\/lunarium-academy.com\/en\/wp-json\/wp\/v2\/pages\/1123\/revisions\/1157"}],"wp:attachment":[{"href":"https:\/\/lunarium-academy.com\/en\/wp-json\/wp\/v2\/media?parent=1123"}],"curies":[{"name":"wp","href":"https:\/\/api.w.org\/{rel}","templated":true}]}}