{"id":1139,"date":"2026-02-06T11:24:43","date_gmt":"2026-02-06T10:24:43","guid":{"rendered":"https:\/\/lunarium-academy.com\/?page_id=1139"},"modified":"2026-02-06T11:33:09","modified_gmt":"2026-02-06T10:33:09","slug":"fiok-bejelentkezes","status":"publish","type":"page","link":"https:\/\/lunarium-academy.com\/en\/fiok-bejelentkezes\/","title":{"rendered":"Fi\u00f3k bejelentkez\u00e9s"},"content":{"rendered":"<section class=\"bde-section-1139-100 bde-section\">\n  \n  \n\t\n\n\n\n<div class=\"section-container\"><img decoding=\"async\" class=\"bde-image2-1139-101 bde-image2\" src=\"https:\/\/lunarium-academy.com\/wp-content\/uploads\/2025\/06\/Lunarium-Academy-logo-2-e1751374537425.png\" loading=\"lazy\" srcset=\"https:\/\/lunarium-academy.com\/wp-content\/uploads\/2025\/06\/Lunarium-Academy-logo-2-e1751374537425.png 777w, https:\/\/lunarium-academy.com\/wp-content\/uploads\/2025\/06\/Lunarium-Academy-logo-2-e1751374537425-600x404.png 600w, https:\/\/lunarium-academy.com\/wp-content\/uploads\/2025\/06\/Lunarium-Academy-logo-2-e1751374537425-300x202.png 300w, https:\/\/lunarium-academy.com\/wp-content\/uploads\/2025\/06\/Lunarium-Academy-logo-2-e1751374537425-768x517.png 768w\" sizes=\"(max-width: 777px) 100vw, 777px\"><h1 class=\"bde-heading-1139-102 bde-heading\">\nFi\u00f3k bejelentkez\u00e9s\n<\/h1><div class=\"bde-div-1139-103 bde-div\">\n  \n  \n\t\n\n\n\n<div class=\"bde-login-form-1139-112 bde-login-form\">\n\n\n<form id=\"112\" class=\"breakdance-form breakdance-form--vertical\" data-options=\"{&quot;slug&quot;:&quot;login&quot;,&quot;name&quot;:&quot;&quot;,&quot;ajaxUrl&quot;:&quot;https:\\\/\\\/lunarium-academy.com\\\/wp-admin\\\/admin-ajax.php&quot;,&quot;clearOnSuccess&quot;:true,&quot;hideOnSuccess&quot;:false,&quot;successMessage&quot;:&quot;Be vagy jelentkezve&quot;,&quot;errorMessage&quot;:&quot;Something went wrong.&quot;,&quot;redirect&quot;:true,&quot;redirectUrl&quot;:&quot;https:\\\/\\\/lunarium-academy.com\\\/meditacios-klub\\\/meditaciok\\\/&quot;,&quot;customJavaScript&quot;:&quot;&quot;,&quot;recaptcha&quot;:{&quot;key&quot;:&quot;&quot;,&quot;enabled&quot;:false},&quot;honeypot_enabled&quot;:false,&quot;popupsOnSuccess&quot;:[],&quot;popupsOnError&quot;:[]}\" data-steps=\"0\" >\n  \n  \n  \n<div class=\"breakdance-form-field breakdance-form-field--text\" >\n    \n    \n            <label class=\"breakdance-form-field__label\" for=\"user_login\">\n            Felhaszn\u00e1l\u00f3n\u00e9v vagy e-mail c\u00edm<span class=\"breakdance-form-field__required\">*<\/span>\n        <\/label>\n    \n    <input\n    class=\"breakdance-form-field__input\"\n    id=\"user_login\"\n    aria-describedby=\"user_login\"\n    type=\"text\"\n    name=\"fields[user_login]\"\n    placeholder=\"\"\n    value=\"\"\n                \n        \n        \n    required\n    \n    \n>\n\n\n    \n    \n<\/div>\n\n\n<div class=\"breakdance-form-field breakdance-form-field--password\" >\n    \n    \n            <label class=\"breakdance-form-field__label\" for=\"user_password\">\n            Jelsz\u00f3<span class=\"breakdance-form-field__required\">*<\/span>\n        <\/label>\n    \n    <input\n    class=\"breakdance-form-field__input\"\n    id=\"user_password\"\n    aria-describedby=\"user_password\"\n    type=\"password\"\n    name=\"fields[user_password]\"\n    placeholder=\"\"\n    value=\"\"\n                \n        \n        \n    required\n    \n    \n>\n\n\n    \n    \n<\/div>\n\n\n<div class=\"breakdance-form-field breakdance-form-field--checkbox\" >\n    \n    \n    \n    <fieldset role=\"group\"\n    >\n          <div class=\"breakdance-form-checkbox\">\n          <input\n              type=\"checkbox\"\n              name=\"fields[remember]\"\n              value=\"1\"\n              id=\"remember-1\"\n              \n                        >\n          <label class=\"breakdance-form-checkbox__text\" for=\"remember-1\">Eml\u00e9kezz az adataimra<\/label>\n      <\/div>\n  <\/fieldset>\n\n\n\n    \n    \n<\/div>\n\n\n  \n\n<div class=\"breakdance-form-field breakdance-form-footer\">\n    \n    \n                                    \n    \n    \n    \n    \n            \n            <button type=\"submit\" class=\"button-atom button-atom--primary breakdance-form-button breakdance-form-button__submit\"  >\n    \n        <span class=\"button-atom__text\">Bejelentkez\u00e9s<\/span>\n\n        \n        \n            <\/button>\n    \n    <input type=\"hidden\" name=\"form_id\" value=\"112\">\n    <input type=\"hidden\" name=\"post_id\" value=\"1139\">\n<\/div>\n\n  \n<\/form>\n\n\n<\/div>\n<\/div><\/div>\n<\/section><section class=\"bde-section-1139-106 bde-section\">\n  \n  \n\t\n\n\n\n<div class=\"section-container\"><div class=\"bde-social-icons-1139-107 bde-social-icons\">\n                  \n            \n            \n\n    \n    \n    \n    \n    \n    <a class=\"breakdance-link bde-social-icons__icon-wrapper bde-social-icons__icon-facebook\" href=\"https:\/\/www.facebook.com\/lunariumacademy\" target=\"_self\" data-type=\"url\" aria-label=\"facebook\" >\n\n             <svg xmlns=\"http:\/\/www.w3.org\/2000\/svg\" width=\"100%\" viewBox=\"0 0 24 24\">\n            <path d=\"M9 8h-3v4h3v12h5v-12h3.642l.358-4h-4v-1.667c0-.955.192-1.333 1.115-1.333h2.885v-5h-3.808c-3.596 0-5.192 1.583-5.192 4.615v3.385z\"\/>\n       <\/svg>\n              <\/a>\n\n                    \n            \n            \n\n    \n    \n    \n    \n    \n    <a class=\"breakdance-link bde-social-icons__icon-wrapper bde-social-icons__icon-linkedin\" href=\"https:\/\/www.linkedin.com\/company\/99934524\" target=\"_self\" data-type=\"url\" aria-label=\"linkedin\" >\n\n             <svg xmlns=\"http:\/\/www.w3.org\/2000\/svg\" width=\"100%\" viewBox=\"-4 -2 32 32\">\n            <path d=\"M4.98 3.5c0 1.381-1.11 2.5-2.48 2.5s-2.48-1.119-2.48-2.5c0-1.38 1.11-2.5 2.48-2.5s2.48 1.12 2.48 2.5zm.02 4.5h-5v16h5v-16zm7.982 0h-4.968v16h4.969v-8.399c0-4.67 6.029-5.052 6.029 0v8.399h4.988v-10.131c0-7.88-8.922-7.593-11.018-3.714v-2.155z\"\/>\n       <\/svg>\n              <\/a>\n\n    \n<\/div><div class=\"bde-div-1139-108 bde-div\">\n  \n  \n\t\n\n\n\n<a class=\"bde-text-link-1139-109 bde-text-link breakdance-link\" href=\"https:\/\/lunarium-academy.com\/adatkezelesi-tajekoztato\/\" target=\"_self\" data-type=\"url\">\n  Adatv\u00e9delmi T\u00e1j\u00e9koztat\u00f3\n\n<\/a><a class=\"bde-text-link-1139-110 bde-text-link breakdance-link\" href=\"https:\/\/lunarium-academy.com\/altalanos-szerzodesi-feltetelek\/\" target=\"_self\" data-type=\"url\">\n  \u00c1SZF\n\n<\/a>\n<\/div><div class=\"bde-text-1139-111 bde-text\">\n\u00a9 2025 Minden jog fenntartva | Lunarium Academy\n<\/div><\/div>\n<\/section>","protected":false},"excerpt":{"rendered":"<p>Fi\u00f3k bejelentkez\u00e9s Felhaszn\u00e1l\u00f3n\u00e9v vagy e-mail c\u00edm* Jelsz\u00f3* Eml\u00e9kezz az adataimra Bejelentkez\u00e9s Adatv\u00e9delmi T\u00e1j\u00e9koztat\u00f3 \u00c1SZF \u00a9 2025 Minden jog fenntartva | Lunarium Academy<\/p>","protected":false},"author":1,"featured_media":0,"parent":0,"menu_order":0,"comment_status":"closed","ping_status":"closed","template":"breakdance_blank_canvas","meta":{"_breakdance_hide_in_design_set":false,"_breakdance_tags":"","footnotes":""},"class_list":["post-1139","page","type-page","status-publish","hentry"],"yoast_head":"<!-- This site is optimized with the Yoast SEO Premium plugin v27.5 (Yoast SEO v27.5) - https:\/\/yoast.com\/product\/yoast-seo-premium-wordpress\/ -->\n<title>Fi\u00f3k bejelentkez\u00e9s - Lunarium Academy<\/title>\n<meta name=\"robots\" content=\"noindex, nofollow\" \/>\n<meta property=\"og:locale\" content=\"en_GB\" \/>\n<meta property=\"og:type\" content=\"article\" \/>\n<meta property=\"og:title\" content=\"Fi\u00f3k bejelentkez\u00e9s\" \/>\n<meta property=\"og:description\" content=\"Fi\u00f3k bejelentkez\u00e9s Felhaszn\u00e1l\u00f3n\u00e9v vagy e-mail c\u00edm* Jelsz\u00f3* Eml\u00e9kezz az adataimra Bejelentkez\u00e9s Adatv\u00e9delmi T\u00e1j\u00e9koztat\u00f3 \u00c1SZF \u00a9 2025 Minden jog fenntartva | Lunarium Academy\" \/>\n<meta property=\"og:url\" content=\"https:\/\/lunarium-academy.com\/en\/fiok-bejelentkezes\/?wmc-currency=EUR\" \/>\n<meta property=\"og:site_name\" content=\"Lunarium Academy\" \/>\n<meta property=\"article:modified_time\" content=\"2026-02-06T10:33:09+00:00\" \/>\n<meta name=\"twitter:card\" content=\"summary_large_image\" \/>\n<script type=\"application\/ld+json\" class=\"yoast-schema-graph\">{\"@context\":\"https:\\\/\\\/schema.org\",\"@graph\":[{\"@type\":\"WebPage\",\"@id\":\"https:\\\/\\\/lunarium-academy.com\\\/fiok-bejelentkezes\\\/\",\"url\":\"https:\\\/\\\/lunarium-academy.com\\\/fiok-bejelentkezes\\\/\",\"name\":\"Fi\u00f3k bejelentkez\u00e9s - Lunarium Academy\",\"isPartOf\":{\"@id\":\"https:\\\/\\\/lunarium-academy.com\\\/#website\"},\"datePublished\":\"2026-02-06T10:24:43+00:00\",\"dateModified\":\"2026-02-06T10:33:09+00:00\",\"breadcrumb\":{\"@id\":\"https:\\\/\\\/lunarium-academy.com\\\/fiok-bejelentkezes\\\/#breadcrumb\"},\"inLanguage\":\"en-GB\",\"potentialAction\":[{\"@type\":\"ReadAction\",\"target\":[\"https:\\\/\\\/lunarium-academy.com\\\/fiok-bejelentkezes\\\/\"]}]},{\"@type\":\"BreadcrumbList\",\"@id\":\"https:\\\/\\\/lunarium-academy.com\\\/fiok-bejelentkezes\\\/#breadcrumb\",\"itemListElement\":[{\"@type\":\"ListItem\",\"position\":1,\"name\":\"Kezd\u0151lap\",\"item\":\"https:\\\/\\\/lunarium-academy.com\\\/\"},{\"@type\":\"ListItem\",\"position\":2,\"name\":\"Fi\u00f3k bejelentkez\u00e9s\"}]},{\"@type\":\"WebSite\",\"@id\":\"https:\\\/\\\/lunarium-academy.com\\\/#website\",\"url\":\"https:\\\/\\\/lunarium-academy.com\\\/\",\"name\":\"Lunarium Academy\",\"description\":\"\",\"potentialAction\":[{\"@type\":\"SearchAction\",\"target\":{\"@type\":\"EntryPoint\",\"urlTemplate\":\"https:\\\/\\\/lunarium-academy.com\\\/?s={search_term_string}\"},\"query-input\":{\"@type\":\"PropertyValueSpecification\",\"valueRequired\":true,\"valueName\":\"search_term_string\"}}],\"inLanguage\":\"en-GB\"}]}<\/script>\n<!-- \/ Yoast SEO Premium plugin. -->","yoast_head_json":{"title":"Fi\u00f3k bejelentkez\u00e9s - Lunarium Academy","robots":{"index":"noindex","follow":"nofollow"},"og_locale":"en_GB","og_type":"article","og_title":"Fi\u00f3k bejelentkez\u00e9s","og_description":"Fi\u00f3k bejelentkez\u00e9s Felhaszn\u00e1l\u00f3n\u00e9v vagy e-mail c\u00edm* Jelsz\u00f3* Eml\u00e9kezz az adataimra Bejelentkez\u00e9s Adatv\u00e9delmi T\u00e1j\u00e9koztat\u00f3 \u00c1SZF \u00a9 2025 Minden jog fenntartva | Lunarium Academy","og_url":"https:\/\/lunarium-academy.com\/en\/fiok-bejelentkezes\/?wmc-currency=EUR","og_site_name":"Lunarium Academy","article_modified_time":"2026-02-06T10:33:09+00:00","twitter_card":"summary_large_image","schema":{"@context":"https:\/\/schema.org","@graph":[{"@type":"WebPage","@id":"https:\/\/lunarium-academy.com\/fiok-bejelentkezes\/","url":"https:\/\/lunarium-academy.com\/fiok-bejelentkezes\/","name":"Fi\u00f3k bejelentkez\u00e9s - Lunarium Academy","isPartOf":{"@id":"https:\/\/lunarium-academy.com\/#website"},"datePublished":"2026-02-06T10:24:43+00:00","dateModified":"2026-02-06T10:33:09+00:00","breadcrumb":{"@id":"https:\/\/lunarium-academy.com\/fiok-bejelentkezes\/#breadcrumb"},"inLanguage":"en-GB","potentialAction":[{"@type":"ReadAction","target":["https:\/\/lunarium-academy.com\/fiok-bejelentkezes\/"]}]},{"@type":"BreadcrumbList","@id":"https:\/\/lunarium-academy.com\/fiok-bejelentkezes\/#breadcrumb","itemListElement":[{"@type":"ListItem","position":1,"name":"Kezd\u0151lap","item":"https:\/\/lunarium-academy.com\/"},{"@type":"ListItem","position":2,"name":"Fi\u00f3k bejelentkez\u00e9s"}]},{"@type":"WebSite","@id":"https:\/\/lunarium-academy.com\/#website","url":"https:\/\/lunarium-academy.com\/","name":"Lunarium Academy","description":"","potentialAction":[{"@type":"SearchAction","target":{"@type":"EntryPoint","urlTemplate":"https:\/\/lunarium-academy.com\/?s={search_term_string}"},"query-input":{"@type":"PropertyValueSpecification","valueRequired":true,"valueName":"search_term_string"}}],"inLanguage":"en-GB"}]}},"_links":{"self":[{"href":"https:\/\/lunarium-academy.com\/en\/wp-json\/wp\/v2\/pages\/1139","targetHints":{"allow":["GET"]}}],"collection":[{"href":"https:\/\/lunarium-academy.com\/en\/wp-json\/wp\/v2\/pages"}],"about":[{"href":"https:\/\/lunarium-academy.com\/en\/wp-json\/wp\/v2\/types\/page"}],"author":[{"embeddable":true,"href":"https:\/\/lunarium-academy.com\/en\/wp-json\/wp\/v2\/users\/1"}],"replies":[{"embeddable":true,"href":"https:\/\/lunarium-academy.com\/en\/wp-json\/wp\/v2\/comments?post=1139"}],"version-history":[{"count":2,"href":"https:\/\/lunarium-academy.com\/en\/wp-json\/wp\/v2\/pages\/1139\/revisions"}],"predecessor-version":[{"id":1143,"href":"https:\/\/lunarium-academy.com\/en\/wp-json\/wp\/v2\/pages\/1139\/revisions\/1143"}],"wp:attachment":[{"href":"https:\/\/lunarium-academy.com\/en\/wp-json\/wp\/v2\/media?parent=1139"}],"curies":[{"name":"wp","href":"https:\/\/api.w.org\/{rel}","templated":true}]}}