{"id":165,"date":"2025-07-14T20:19:47","date_gmt":"2025-07-14T18:19:47","guid":{"rendered":"https:\/\/lunarium-academy.com\/?page_id=165"},"modified":"2025-12-01T13:48:05","modified_gmt":"2025-12-01T12:48:05","slug":"workshops","status":"publish","type":"page","link":"https:\/\/lunarium-academy.com\/en\/muhelyeink\/","title":{"rendered":"Our Workshops"},"content":{"rendered":"<section class=\"bde-section-165-100 bde-section\">\n  \n  \n\t\n\n\n\n<div class=\"section-container\"><h1 class=\"bde-heading-165-101 bde-heading\">\nOur Workshops\n<\/h1><div class=\"bde-fancy-divider-165-102 bde-fancy-divider\">\n\n\n<div class=\"bde-fancy-divider__wrapper\">\n  <div class=\"bde-fancy-divider__separator\">\n  \t  <\/div>\n<\/div>\n\n<\/div><\/div>\n<\/section><section class=\"bde-section-165-110 bde-section\">\n  \n  \n\t\n\n\n\n<div class=\"section-container\"><div class=\"bde-grid-165-132 bde-grid\">\n  \n  \n\t\n\n\n\n<div class=\"bde-div-165-133 bde-div\">\n  \n  \n\t\n\n\n\n<div class=\"bde-div-165-134 bde-div\">\n  \n  \n\t\n\n\n\n<img decoding=\"async\" class=\"bde-image2-165-135 bde-image2\" src=\"https:\/\/lunarium-academy.com\/wp-content\/uploads\/2025\/07\/A-benned-elo-Ero.jpg\" loading=\"lazy\" srcset=\"https:\/\/lunarium-academy.com\/wp-content\/uploads\/2025\/07\/A-benned-elo-Ero.jpg 960w, https:\/\/lunarium-academy.com\/wp-content\/uploads\/2025\/07\/A-benned-elo-Ero-600x338.jpg 600w, https:\/\/lunarium-academy.com\/wp-content\/uploads\/2025\/07\/A-benned-elo-Ero-300x169.jpg 300w, https:\/\/lunarium-academy.com\/wp-content\/uploads\/2025\/07\/A-benned-elo-Ero-768x432.jpg 768w\" sizes=\"(max-width: 960px) 100vw, 960px\"><div class=\"bde-image-box-165-136 bde-image-box bde-image-box-content-padding-only\">\n<div class=\"ee-imagebox-image\">\n  <img loading=\"lazy\" decoding=\"async\" class=\"breakdance-image-object\" src=\"data:image\/svg+xml;charset=UTF-8,%3csvg xmlns='http:\/\/www.w3.org\/2000\/svg' width='540' height='540' viewBox='0 0 140 140'%3e%3cpath d='M0 0h140v140H0z' fill='%23e5e7eb'\/%3e%3cpath d='M88 82.46H51.8v-4.52l6.74-6.74a1.13 1.13 0 011.6 0l5.23 5.23 12.76-12.77a1.13 1.13 0 011.6 0L88 71.91z' fill='%23e5e7eb'\/%3e%3cpath d='M89.48 52.32H50.29a4.52 4.52 0 00-4.52 4.52V84a4.53 4.53 0 004.52 4.52h39.19A4.52 4.52 0 0094 84V56.84a4.52 4.52 0 00-4.52-4.52zm-33.16 5.27a5.28 5.28 0 11-5.27 5.28 5.27 5.27 0 015.27-5.28zM88 82.46H51.8v-4.52l6.74-6.74a1.13 1.13 0 011.6 0l5.23 5.23 12.76-12.77a1.13 1.13 0 011.6 0L88 71.91z' fill='%23d1d5db'\/%3e%3c\/svg%3e\" width=\"540\" height=\"540\">\n<\/div>\n<div class=\"ee-imagebox-content\">\n      <h3 class=\"ee-imagebox-title bde-h3\" >The Feminine Power Within You<\/h3>\n    \n      <div class=\"ee-imagebox-text\" >Introduction to Feminine Consciousness <\/div>\n    \n  <\/div>\n\n<\/div>\n<\/div><div class=\"bde-div-165-137 bde-div\">\n  \n  \n\t\n\n\n\n<div class=\"bde-button-165-138 bde-button\">\n    \n                                    \n    \n    \n    \n    \n            \n                    \n            \n            \n\n    \n    \n    \n    \n    \n    <a class=\"breakdance-link button-atom button-atom--custom bde-button__button\" href=\"https:\/\/lunarium-academy.com\/en\/workshops\/the-feminine-power-within-you\/?wmc-currency=EUR\" target=\"_self\" data-type=\"url\"  >\n\n    \n        <span class=\"button-atom__text\">Interested<\/span>\n\n        \n        \n                <\/a>\n\n    \n\n\n<\/div>\n<\/div>\n<\/div><div class=\"bde-div-165-139 bde-div\">\n  \n  \n\t\n\n\n\n<div class=\"bde-div-165-140 bde-div\">\n  \n  \n\t\n\n\n\n<img decoding=\"async\" class=\"bde-image2-165-141 bde-image2\" src=\"https:\/\/lunarium-academy.com\/wp-content\/uploads\/2025\/07\/Noi-varazsero-\u2013-Mester-2.jpg\" loading=\"lazy\" srcset=\"https:\/\/lunarium-academy.com\/wp-content\/uploads\/2025\/07\/Noi-varazsero-\u2013-Mester-2.jpg 960w, https:\/\/lunarium-academy.com\/wp-content\/uploads\/2025\/07\/Noi-varazsero-\u2013-Mester-2-600x338.jpg 600w, https:\/\/lunarium-academy.com\/wp-content\/uploads\/2025\/07\/Noi-varazsero-\u2013-Mester-2-300x169.jpg 300w, https:\/\/lunarium-academy.com\/wp-content\/uploads\/2025\/07\/Noi-varazsero-\u2013-Mester-2-768x432.jpg 768w\" sizes=\"(max-width: 960px) 100vw, 960px\"><div class=\"bde-image-box-165-142 bde-image-box bde-image-box-content-padding-only\">\n<div class=\"ee-imagebox-image\">\n  <img loading=\"lazy\" decoding=\"async\" class=\"breakdance-image-object\" src=\"data:image\/svg+xml;charset=UTF-8,%3csvg xmlns='http:\/\/www.w3.org\/2000\/svg' width='540' height='540' viewBox='0 0 140 140'%3e%3cpath d='M0 0h140v140H0z' fill='%23e5e7eb'\/%3e%3cpath d='M88 82.46H51.8v-4.52l6.74-6.74a1.13 1.13 0 011.6 0l5.23 5.23 12.76-12.77a1.13 1.13 0 011.6 0L88 71.91z' fill='%23e5e7eb'\/%3e%3cpath d='M89.48 52.32H50.29a4.52 4.52 0 00-4.52 4.52V84a4.53 4.53 0 004.52 4.52h39.19A4.52 4.52 0 0094 84V56.84a4.52 4.52 0 00-4.52-4.52zm-33.16 5.27a5.28 5.28 0 11-5.27 5.28 5.27 5.27 0 015.27-5.28zM88 82.46H51.8v-4.52l6.74-6.74a1.13 1.13 0 011.6 0l5.23 5.23 12.76-12.77a1.13 1.13 0 011.6 0L88 71.91z' fill='%23d1d5db'\/%3e%3c\/svg%3e\" width=\"540\" height=\"540\">\n<\/div>\n<div class=\"ee-imagebox-content\">\n      <h3 class=\"ee-imagebox-title bde-h3\" >The Feminine Magical Power \u2013 Master <\/h3>\n    \n      <div class=\"ee-imagebox-text\" >The foundation is there. Now comes the part where you can truly reach your full potential.<\/div>\n    \n  <\/div>\n\n<\/div>\n<\/div><div class=\"bde-div-165-143 bde-div\">\n  \n  \n\t\n\n\n\n<div class=\"bde-button-165-144 bde-button\">\n    \n                                    \n    \n    \n    \n    \n            \n                    \n            \n            \n\n    \n    \n    \n    \n    \n    <a class=\"breakdance-link button-atom button-atom--custom bde-button__button\" href=\"https:\/\/lunarium-academy.com\/en\/workshops\/the-feminine-magical-power-master\/?wmc-currency=EUR\" target=\"_self\" data-type=\"url\"  >\n\n    \n        <span class=\"button-atom__text\">Interested<\/span>\n\n        \n        \n                <\/a>\n\n    \n\n\n<\/div>\n<\/div>\n<\/div><div class=\"bde-div-165-145 bde-div\">\n  \n  \n\t\n\n\n\n<div class=\"bde-div-165-146 bde-div\">\n  \n  \n\t\n\n\n\n<img decoding=\"async\" class=\"bde-image2-165-147 bde-image2\" src=\"https:\/\/lunarium-academy.com\/wp-content\/uploads\/2025\/07\/Ferfi-Teremtoero-\u2013-Alapok.jpg\" loading=\"lazy\" srcset=\"https:\/\/lunarium-academy.com\/wp-content\/uploads\/2025\/07\/Ferfi-Teremtoero-\u2013-Alapok.jpg 960w, https:\/\/lunarium-academy.com\/wp-content\/uploads\/2025\/07\/Ferfi-Teremtoero-\u2013-Alapok-600x338.jpg 600w, https:\/\/lunarium-academy.com\/wp-content\/uploads\/2025\/07\/Ferfi-Teremtoero-\u2013-Alapok-300x169.jpg 300w, https:\/\/lunarium-academy.com\/wp-content\/uploads\/2025\/07\/Ferfi-Teremtoero-\u2013-Alapok-768x432.jpg 768w\" sizes=\"(max-width: 960px) 100vw, 960px\"><div class=\"bde-image-box-165-148 bde-image-box bde-image-box-content-padding-only\">\n<div class=\"ee-imagebox-image\">\n  <img loading=\"lazy\" decoding=\"async\" class=\"breakdance-image-object\" src=\"data:image\/svg+xml;charset=UTF-8,%3csvg xmlns='http:\/\/www.w3.org\/2000\/svg' width='540' height='540' viewBox='0 0 140 140'%3e%3cpath d='M0 0h140v140H0z' fill='%23e5e7eb'\/%3e%3cpath d='M88 82.46H51.8v-4.52l6.74-6.74a1.13 1.13 0 011.6 0l5.23 5.23 12.76-12.77a1.13 1.13 0 011.6 0L88 71.91z' fill='%23e5e7eb'\/%3e%3cpath d='M89.48 52.32H50.29a4.52 4.52 0 00-4.52 4.52V84a4.53 4.53 0 004.52 4.52h39.19A4.52 4.52 0 0094 84V56.84a4.52 4.52 0 00-4.52-4.52zm-33.16 5.27a5.28 5.28 0 11-5.27 5.28 5.27 5.27 0 015.27-5.28zM88 82.46H51.8v-4.52l6.74-6.74a1.13 1.13 0 011.6 0l5.23 5.23 12.76-12.77a1.13 1.13 0 011.6 0L88 71.91z' fill='%23d1d5db'\/%3e%3c\/svg%3e\" width=\"540\" height=\"540\">\n<\/div>\n<div class=\"ee-imagebox-content\">\n      <h3 class=\"ee-imagebox-title bde-h3\" >Creative Masculine Power \u2013 Foundation<\/h3>\n    \n      <div class=\"ee-imagebox-text\" >Take control of your life!<\/div>\n    \n  <\/div>\n\n<\/div>\n<\/div><div class=\"bde-div-165-149 bde-div\">\n  \n  \n\t\n\n\n\n<div class=\"bde-button-165-150 bde-button\">\n    \n                                    \n    \n    \n    \n    \n            \n                    \n            \n            \n\n    \n    \n    \n    \n    \n    <a class=\"breakdance-link button-atom button-atom--custom bde-button__button\" href=\"https:\/\/lunarium-academy.com\/en\/workshops\/creative-masculine-power-foundation\/?wmc-currency=EUR\" target=\"_self\" data-type=\"url\"  >\n\n    \n        <span class=\"button-atom__text\">Interested<\/span>\n\n        \n        \n                <\/a>\n\n    \n\n\n<\/div>\n<\/div>\n<\/div><div class=\"bde-div-165-151 bde-div\">\n  \n  \n\t\n\n\n\n<div class=\"bde-div-165-152 bde-div\">\n  \n  \n\t\n\n\n\n<img decoding=\"async\" class=\"bde-image2-165-153 bde-image2\" src=\"https:\/\/lunarium-academy.com\/wp-content\/uploads\/2025\/07\/Ferfi-Teremtoero-\u2013-Mester-2.jpg\" loading=\"lazy\" srcset=\"https:\/\/lunarium-academy.com\/wp-content\/uploads\/2025\/07\/Ferfi-Teremtoero-\u2013-Mester-2.jpg 960w, https:\/\/lunarium-academy.com\/wp-content\/uploads\/2025\/07\/Ferfi-Teremtoero-\u2013-Mester-2-600x338.jpg 600w, https:\/\/lunarium-academy.com\/wp-content\/uploads\/2025\/07\/Ferfi-Teremtoero-\u2013-Mester-2-300x169.jpg 300w, https:\/\/lunarium-academy.com\/wp-content\/uploads\/2025\/07\/Ferfi-Teremtoero-\u2013-Mester-2-768x432.jpg 768w\" sizes=\"(max-width: 960px) 100vw, 960px\"><div class=\"bde-image-box-165-154 bde-image-box bde-image-box-content-padding-only\">\n<div class=\"ee-imagebox-image\">\n  <img loading=\"lazy\" decoding=\"async\" class=\"breakdance-image-object\" src=\"data:image\/svg+xml;charset=UTF-8,%3csvg xmlns='http:\/\/www.w3.org\/2000\/svg' width='540' height='540' viewBox='0 0 140 140'%3e%3cpath d='M0 0h140v140H0z' fill='%23e5e7eb'\/%3e%3cpath d='M88 82.46H51.8v-4.52l6.74-6.74a1.13 1.13 0 011.6 0l5.23 5.23 12.76-12.77a1.13 1.13 0 011.6 0L88 71.91z' fill='%23e5e7eb'\/%3e%3cpath d='M89.48 52.32H50.29a4.52 4.52 0 00-4.52 4.52V84a4.53 4.53 0 004.52 4.52h39.19A4.52 4.52 0 0094 84V56.84a4.52 4.52 0 00-4.52-4.52zm-33.16 5.27a5.28 5.28 0 11-5.27 5.28 5.27 5.27 0 015.27-5.28zM88 82.46H51.8v-4.52l6.74-6.74a1.13 1.13 0 011.6 0l5.23 5.23 12.76-12.77a1.13 1.13 0 011.6 0L88 71.91z' fill='%23d1d5db'\/%3e%3c\/svg%3e\" width=\"540\" height=\"540\">\n<\/div>\n<div class=\"ee-imagebox-content\">\n      <h3 class=\"ee-imagebox-title bde-h3\" >Creative Masculine Power \u2013 Master <\/h3>\n    \n      <div class=\"ee-imagebox-text\" >This workshop is designed for men who are willing to fulfill their inner potential, power and leadership abilities.<\/div>\n    \n  <\/div>\n\n<\/div>\n<\/div><div class=\"bde-div-165-155 bde-div\">\n  \n  \n\t\n\n\n\n<div class=\"bde-button-165-156 bde-button\">\n    \n                                    \n    \n    \n    \n    \n            \n                    \n            \n            \n\n    \n    \n    \n    \n    \n    <a class=\"breakdance-link button-atom button-atom--custom bde-button__button\" href=\"https:\/\/lunarium-academy.com\/en\/workshops\/creative-masculine-power-master\/?wmc-currency=EUR\" target=\"_self\" data-type=\"url\"  >\n\n    \n        <span class=\"button-atom__text\">Interested<\/span>\n\n        \n        \n                <\/a>\n\n    \n\n\n<\/div>\n<\/div>\n<\/div><div class=\"bde-div-165-157 bde-div\">\n  \n  \n\t\n\n\n\n<div class=\"bde-div-165-158 bde-div\">\n  \n  \n\t\n\n\n\n<img decoding=\"async\" class=\"bde-image2-165-159 bde-image2\" src=\"https:\/\/lunarium-academy.com\/wp-content\/uploads\/2025\/07\/Szakralis-egyensuly.jpg\" loading=\"lazy\" srcset=\"https:\/\/lunarium-academy.com\/wp-content\/uploads\/2025\/07\/Szakralis-egyensuly.jpg 960w, https:\/\/lunarium-academy.com\/wp-content\/uploads\/2025\/07\/Szakralis-egyensuly-600x338.jpg 600w, https:\/\/lunarium-academy.com\/wp-content\/uploads\/2025\/07\/Szakralis-egyensuly-300x169.jpg 300w, https:\/\/lunarium-academy.com\/wp-content\/uploads\/2025\/07\/Szakralis-egyensuly-768x432.jpg 768w\" sizes=\"(max-width: 960px) 100vw, 960px\"><div class=\"bde-image-box-165-160 bde-image-box bde-image-box-content-padding-only\">\n<div class=\"ee-imagebox-image\">\n  <img loading=\"lazy\" decoding=\"async\" class=\"breakdance-image-object\" src=\"data:image\/svg+xml;charset=UTF-8,%3csvg xmlns='http:\/\/www.w3.org\/2000\/svg' width='540' height='540' viewBox='0 0 140 140'%3e%3cpath d='M0 0h140v140H0z' fill='%23e5e7eb'\/%3e%3cpath d='M88 82.46H51.8v-4.52l6.74-6.74a1.13 1.13 0 011.6 0l5.23 5.23 12.76-12.77a1.13 1.13 0 011.6 0L88 71.91z' fill='%23e5e7eb'\/%3e%3cpath d='M89.48 52.32H50.29a4.52 4.52 0 00-4.52 4.52V84a4.53 4.53 0 004.52 4.52h39.19A4.52 4.52 0 0094 84V56.84a4.52 4.52 0 00-4.52-4.52zm-33.16 5.27a5.28 5.28 0 11-5.27 5.28 5.27 5.27 0 015.27-5.28zM88 82.46H51.8v-4.52l6.74-6.74a1.13 1.13 0 011.6 0l5.23 5.23 12.76-12.77a1.13 1.13 0 011.6 0L88 71.91z' fill='%23d1d5db'\/%3e%3c\/svg%3e\" width=\"540\" height=\"540\">\n<\/div>\n<div class=\"ee-imagebox-content\">\n      <h3 class=\"ee-imagebox-title bde-h3\" >Sacred Balance<\/h3>\n    \n      <div class=\"ee-imagebox-text\" >Harmony of Feminine and Masculine Energies in Relationships<\/div>\n    \n  <\/div>\n\n<\/div>\n<\/div><div class=\"bde-div-165-161 bde-div\">\n  \n  \n\t\n\n\n\n<div class=\"bde-button-165-162 bde-button\">\n    \n                                    \n    \n    \n    \n    \n            \n                    \n            \n            \n\n    \n    \n    \n    \n    \n    <a class=\"breakdance-link button-atom button-atom--custom bde-button__button\" href=\"https:\/\/lunarium-academy.com\/en\/workshops\/sacred-balance\/?wmc-currency=EUR\" target=\"_self\" data-type=\"url\"  >\n\n    \n        <span class=\"button-atom__text\">Interested<\/span>\n\n        \n        \n                <\/a>\n\n    \n\n\n<\/div>\n<\/div>\n<\/div><div class=\"bde-div-165-163 bde-div\">\n  \n  \n\t\n\n\n\n<div class=\"bde-div-165-164 bde-div\">\n  \n  \n\t\n\n\n\n<img decoding=\"async\" class=\"bde-image2-165-165 bde-image2\" src=\"https:\/\/lunarium-academy.com\/wp-content\/uploads\/2025\/12\/Lunarium-Academy-Meditacio-DNS-EN.jpg\" loading=\"lazy\" srcset=\"https:\/\/lunarium-academy.com\/wp-content\/uploads\/2025\/12\/Lunarium-Academy-Meditacio-DNS-EN.jpg 960w, https:\/\/lunarium-academy.com\/wp-content\/uploads\/2025\/12\/Lunarium-Academy-Meditacio-DNS-EN-300x169.jpg 300w, https:\/\/lunarium-academy.com\/wp-content\/uploads\/2025\/12\/Lunarium-Academy-Meditacio-DNS-EN-768x432.jpg 768w, https:\/\/lunarium-academy.com\/wp-content\/uploads\/2025\/12\/Lunarium-Academy-Meditacio-DNS-EN-18x10.jpg 18w, https:\/\/lunarium-academy.com\/wp-content\/uploads\/2025\/12\/Lunarium-Academy-Meditacio-DNS-EN-600x338.jpg 600w\" sizes=\"(max-width: 960px) 100vw, 960px\"><div class=\"bde-image-box-165-166 bde-image-box bde-image-box-content-padding-only\">\n<div class=\"ee-imagebox-image\">\n  <img loading=\"lazy\" decoding=\"async\" class=\"breakdance-image-object\" src=\"data:image\/svg+xml;charset=UTF-8,%3csvg xmlns='http:\/\/www.w3.org\/2000\/svg' width='540' height='540' viewBox='0 0 140 140'%3e%3cpath d='M0 0h140v140H0z' fill='%23e5e7eb'\/%3e%3cpath d='M88 82.46H51.8v-4.52l6.74-6.74a1.13 1.13 0 011.6 0l5.23 5.23 12.76-12.77a1.13 1.13 0 011.6 0L88 71.91z' fill='%23e5e7eb'\/%3e%3cpath d='M89.48 52.32H50.29a4.52 4.52 0 00-4.52 4.52V84a4.53 4.53 0 004.52 4.52h39.19A4.52 4.52 0 0094 84V56.84a4.52 4.52 0 00-4.52-4.52zm-33.16 5.27a5.28 5.28 0 11-5.27 5.28 5.27 5.27 0 015.27-5.28zM88 82.46H51.8v-4.52l6.74-6.74a1.13 1.13 0 011.6 0l5.23 5.23 12.76-12.77a1.13 1.13 0 011.6 0L88 71.91z' fill='%23d1d5db'\/%3e%3c\/svg%3e\" width=\"540\" height=\"540\">\n<\/div>\n<div class=\"ee-imagebox-content\">\n      <h3 class=\"ee-imagebox-title bde-h3\" >Meditation<\/h3>\n    \n      <div class=\"ee-imagebox-text\" >Group energy meditation. Clearing and recharge.<\/div>\n    \n  <\/div>\n\n<\/div>\n<\/div><div class=\"bde-div-165-167 bde-div\">\n  \n  \n\t\n\n\n\n<div class=\"bde-button-165-168 bde-button\">\n    \n                                    \n    \n    \n    \n    \n            \n                    \n            \n            \n\n    \n    \n    \n    \n    \n    <a class=\"breakdance-link button-atom button-atom--custom bde-button__button\" href=\"https:\/\/lunarium-academy.com\/en\/workshops\/meditation\/?wmc-currency=EUR\" target=\"_self\" data-type=\"url\"  >\n\n    \n        <span class=\"button-atom__text\">Interested<\/span>\n\n        \n        \n                <\/a>\n\n    \n\n\n<\/div>\n<\/div>\n<\/div>\n<\/div><\/div>\n<\/section>","protected":false},"excerpt":{"rendered":"<p>M\u0171helyeink A benned \u00e9l\u0151 N\u0151i Er\u0151 Bevezet\u00e9s a n\u0151i tudatoss\u00e1gba Megn\u00e9zem N\u0151i var\u00e1zser\u0151 \u2013 Mester Az alap m\u00e1r megvan. Most j\u00f6n az, ahol igaz\u00e1n kiteljesedhetsz. Megn\u00e9zem F\u00e9rfi Teremt\u0151er\u0151 \u2013 Alapok Vedd a kezedbe az \u00e9leted ir\u00e1ny\u00edt\u00e1s\u00e1t! Megn\u00e9zem F\u00e9rfi Teremt\u0151er\u0151 \u2013 Mester Ez a m\u0171hely azoknak a f\u00e9rfiaknak k\u00e9sz\u00fclt, akik hajland\u00f3ak kiteljes\u00edteni bels\u0151 erej\u00fcket \u00e9s vezet\u0151i [&hellip;]<\/p>\n","protected":false},"author":1,"featured_media":0,"parent":0,"menu_order":0,"comment_status":"closed","ping_status":"closed","template":"","meta":{"_breakdance_hide_in_design_set":false,"_breakdance_tags":"","footnotes":""},"class_list":["post-165","page","type-page","status-publish","hentry"],"yoast_head":"<!-- This site is optimized with the Yoast SEO Premium plugin v27.2 (Yoast SEO v27.2) - https:\/\/yoast.com\/product\/yoast-seo-premium-wordpress\/ -->\n<title>M\u0171helyeink - Lunarium Academy<\/title>\n<meta name=\"robots\" content=\"index, follow, max-snippet:-1, max-image-preview:large, max-video-preview:-1\" \/>\n<link rel=\"canonical\" href=\"https:\/\/lunarium-academy.com\/en\/workshops\/?wmc-currency=EUR\" \/>\n<meta property=\"og:locale\" content=\"en_GB\" \/>\n<meta property=\"og:type\" content=\"article\" \/>\n<meta property=\"og:title\" content=\"M\u0171helyeink\" \/>\n<meta property=\"og:description\" content=\"M\u0171helyeink A benned \u00e9l\u0151 N\u0151i Er\u0151 Bevezet\u00e9s a n\u0151i tudatoss\u00e1gba Megn\u00e9zem N\u0151i var\u00e1zser\u0151 \u2013 Mester Az alap m\u00e1r megvan. Most j\u00f6n az, ahol igaz\u00e1n kiteljesedhetsz. Megn\u00e9zem F\u00e9rfi Teremt\u0151er\u0151 \u2013 Alapok Vedd a kezedbe az \u00e9leted ir\u00e1ny\u00edt\u00e1s\u00e1t! Megn\u00e9zem F\u00e9rfi Teremt\u0151er\u0151 \u2013 Mester Ez a m\u0171hely azoknak a f\u00e9rfiaknak k\u00e9sz\u00fclt, akik hajland\u00f3ak kiteljes\u00edteni bels\u0151 erej\u00fcket \u00e9s vezet\u0151i [&hellip;]\" \/>\n<meta property=\"og:url\" content=\"https:\/\/lunarium-academy.com\/en\/workshops\/?wmc-currency=EUR\" \/>\n<meta property=\"og:site_name\" content=\"Lunarium Academy\" \/>\n<meta property=\"article:modified_time\" content=\"2025-12-01T12:48:05+00:00\" \/>\n<meta name=\"twitter:card\" content=\"summary_large_image\" \/>\n<script type=\"application\/ld+json\" class=\"yoast-schema-graph\">{\"@context\":\"https:\/\/schema.org\",\"@graph\":[{\"@type\":\"WebPage\",\"@id\":\"https:\/\/lunarium-academy.com\/muhelyeink\/\",\"url\":\"https:\/\/lunarium-academy.com\/muhelyeink\/\",\"name\":\"M\u0171helyeink - Lunarium Academy\",\"isPartOf\":{\"@id\":\"https:\/\/lunarium-academy.com\/#website\"},\"datePublished\":\"2025-07-14T18:19:47+00:00\",\"dateModified\":\"2025-12-01T12:48:05+00:00\",\"breadcrumb\":{\"@id\":\"https:\/\/lunarium-academy.com\/muhelyeink\/#breadcrumb\"},\"inLanguage\":\"en-GB\",\"potentialAction\":[{\"@type\":\"ReadAction\",\"target\":[\"https:\/\/lunarium-academy.com\/muhelyeink\/\"]}]},{\"@type\":\"BreadcrumbList\",\"@id\":\"https:\/\/lunarium-academy.com\/muhelyeink\/#breadcrumb\",\"itemListElement\":[{\"@type\":\"ListItem\",\"position\":1,\"name\":\"Kezd\u0151lap\",\"item\":\"https:\/\/lunarium-academy.com\/\"},{\"@type\":\"ListItem\",\"position\":2,\"name\":\"M\u0171helyeink\"}]},{\"@type\":\"WebSite\",\"@id\":\"https:\/\/lunarium-academy.com\/#website\",\"url\":\"https:\/\/lunarium-academy.com\/\",\"name\":\"Lunarium Academy\",\"description\":\"\",\"potentialAction\":[{\"@type\":\"SearchAction\",\"target\":{\"@type\":\"EntryPoint\",\"urlTemplate\":\"https:\/\/lunarium-academy.com\/?s={search_term_string}\"},\"query-input\":{\"@type\":\"PropertyValueSpecification\",\"valueRequired\":true,\"valueName\":\"search_term_string\"}}],\"inLanguage\":\"en-GB\"}]}<\/script>\n<!-- \/ Yoast SEO Premium plugin. -->","yoast_head_json":{"title":"Our Workshops - Lunarium Academy","robots":{"index":"index","follow":"follow","max-snippet":"max-snippet:-1","max-image-preview":"max-image-preview:large","max-video-preview":"max-video-preview:-1"},"canonical":"https:\/\/lunarium-academy.com\/en\/workshops\/?wmc-currency=EUR","og_locale":"en_GB","og_type":"article","og_title":"M\u0171helyeink","og_description":"M\u0171helyeink A benned \u00e9l\u0151 N\u0151i Er\u0151 Bevezet\u00e9s a n\u0151i tudatoss\u00e1gba Megn\u00e9zem N\u0151i var\u00e1zser\u0151 \u2013 Mester Az alap m\u00e1r megvan. Most j\u00f6n az, ahol igaz\u00e1n kiteljesedhetsz. Megn\u00e9zem F\u00e9rfi Teremt\u0151er\u0151 \u2013 Alapok Vedd a kezedbe az \u00e9leted ir\u00e1ny\u00edt\u00e1s\u00e1t! Megn\u00e9zem F\u00e9rfi Teremt\u0151er\u0151 \u2013 Mester Ez a m\u0171hely azoknak a f\u00e9rfiaknak k\u00e9sz\u00fclt, akik hajland\u00f3ak kiteljes\u00edteni bels\u0151 erej\u00fcket \u00e9s vezet\u0151i [&hellip;]","og_url":"https:\/\/lunarium-academy.com\/en\/workshops\/?wmc-currency=EUR","og_site_name":"Lunarium Academy","article_modified_time":"2025-12-01T12:48:05+00:00","twitter_card":"summary_large_image","schema":{"@context":"https:\/\/schema.org","@graph":[{"@type":"WebPage","@id":"https:\/\/lunarium-academy.com\/muhelyeink\/","url":"https:\/\/lunarium-academy.com\/muhelyeink\/","name":"Our Workshops - Lunarium Academy","isPartOf":{"@id":"https:\/\/lunarium-academy.com\/#website"},"datePublished":"2025-07-14T18:19:47+00:00","dateModified":"2025-12-01T12:48:05+00:00","breadcrumb":{"@id":"https:\/\/lunarium-academy.com\/muhelyeink\/#breadcrumb"},"inLanguage":"en-GB","potentialAction":[{"@type":"ReadAction","target":["https:\/\/lunarium-academy.com\/muhelyeink\/"]}]},{"@type":"BreadcrumbList","@id":"https:\/\/lunarium-academy.com\/muhelyeink\/#breadcrumb","itemListElement":[{"@type":"ListItem","position":1,"name":"Kezd\u0151lap","item":"https:\/\/lunarium-academy.com\/"},{"@type":"ListItem","position":2,"name":"M\u0171helyeink"}]},{"@type":"WebSite","@id":"https:\/\/lunarium-academy.com\/#website","url":"https:\/\/lunarium-academy.com\/","name":"Lunarium Academy","description":"","potentialAction":[{"@type":"SearchAction","target":{"@type":"EntryPoint","urlTemplate":"https:\/\/lunarium-academy.com\/?s={search_term_string}"},"query-input":{"@type":"PropertyValueSpecification","valueRequired":true,"valueName":"search_term_string"}}],"inLanguage":"en-GB"}]}},"_links":{"self":[{"href":"https:\/\/lunarium-academy.com\/en\/wp-json\/wp\/v2\/pages\/165","targetHints":{"allow":["GET"]}}],"collection":[{"href":"https:\/\/lunarium-academy.com\/en\/wp-json\/wp\/v2\/pages"}],"about":[{"href":"https:\/\/lunarium-academy.com\/en\/wp-json\/wp\/v2\/types\/page"}],"author":[{"embeddable":true,"href":"https:\/\/lunarium-academy.com\/en\/wp-json\/wp\/v2\/users\/1"}],"replies":[{"embeddable":true,"href":"https:\/\/lunarium-academy.com\/en\/wp-json\/wp\/v2\/comments?post=165"}],"version-history":[{"count":1,"href":"https:\/\/lunarium-academy.com\/en\/wp-json\/wp\/v2\/pages\/165\/revisions"}],"predecessor-version":[{"id":1009,"href":"https:\/\/lunarium-academy.com\/en\/wp-json\/wp\/v2\/pages\/165\/revisions\/1009"}],"wp:attachment":[{"href":"https:\/\/lunarium-academy.com\/en\/wp-json\/wp\/v2\/media?parent=165"}],"curies":[{"name":"wp","href":"https:\/\/api.w.org\/{rel}","templated":true}]}}