{"id":177,"date":"2025-07-14T20:25:10","date_gmt":"2025-07-14T18:25:10","guid":{"rendered":"https:\/\/lunarium-academy.com\/?page_id=177"},"modified":"2025-10-21T13:59:05","modified_gmt":"2025-10-21T11:59:05","slug":"creative-masculine-power-foundation","status":"publish","type":"page","link":"https:\/\/lunarium-academy.com\/en\/muhelyeink\/ferfi-teremtoero-alapok\/","title":{"rendered":"Creative Masculine Power \u2013 Foundation"},"content":{"rendered":"<section class=\"bde-section-177-100 bde-section\">\n  \n  \n\t\n\n\n\n<div class=\"section-container\"><div class=\"bde-columns-177-101 bde-columns\"><div class=\"bde-column-177-102 bde-column\">\n  \n  \n\t\n\n\n\n<img decoding=\"async\" class=\"bde-image2-177-103 bde-image2\" src=\"https:\/\/lunarium-academy.com\/wp-content\/uploads\/2025\/07\/Ferfi-Teremtoero-\u2013-Alapok-2.jpg\" loading=\"lazy\" srcset=\"https:\/\/lunarium-academy.com\/wp-content\/uploads\/2025\/07\/Ferfi-Teremtoero-\u2013-Alapok-2.jpg 960w, https:\/\/lunarium-academy.com\/wp-content\/uploads\/2025\/07\/Ferfi-Teremtoero-\u2013-Alapok-2-300x169.jpg 300w, https:\/\/lunarium-academy.com\/wp-content\/uploads\/2025\/07\/Ferfi-Teremtoero-\u2013-Alapok-2-768x432.jpg 768w\" sizes=\"(max-width: 960px) 100vw, 960px\">\n<\/div><div class=\"bde-column-177-104 bde-column\">\n  \n  \n\t\n\n\n\n<div class=\"bde-div-177-105 bde-div\">\n  \n  \n\t\n\n\n\n<h1 class=\"bde-heading-177-106 bde-heading\">\nCreative Masculine Power \u2013 Foundation\n<\/h1><h2 class=\"bde-heading-177-107 bde-heading\">\nTake control of your life!\n<\/h2><div class=\"bde-text-177-108 bde-text\">\nIf you feel that it is time to take a step forward \u2013 in yourself, in your profession or in your business \u2013 but something is still holding you back\u2026\n<\/div>\n<\/div><div class=\"bde-rich-text-177-109 bde-rich-text breakdance-rich-text-styles\">\n<p style=\"font-weight: 400;\">If you find that you are stuck at a certain point and need a new impetus, then this program is for you!<\/p>\n<p style=\"font-weight: 400;\">This is a targeted self-awareness consultation series for men, where building on your inner strength and on your own <br>inner leadership qualities come into focus.<\/p>\n<\/div><div class=\"bde-div-177-110 bde-div\">\n  \n  \n\t\n\n\n\n<h3 class=\"bde-heading-177-111 bde-heading\">\nInvestment in Yourself\n<\/h3><div class=\"bde-text-177-112 bde-text\">\n366 000 Ft + \u00c1FA\/f\u0151\n<\/div><div class=\"bde-button-177-113 bde-button\">\n    \n                                    \n    \n    \n    \n    \n            \n                    \n            \n            \n\n    \n    \n    \n    \n    \n    <a class=\"breakdance-link button-atom button-atom--custom bde-button__button\" href=\"https:\/\/lunarium-academy.com\/en\/checkout\/?add-to-cart=622&wmc-currency=EUR\" target=\"_self\" data-type=\"url\"  >\n\n    \n        <span class=\"button-atom__text\">REGISTER NOW<\/span>\n\n        \n        \n                <\/a>\n\n    \n\n\n<\/div>\n<\/div>\n<\/div><\/div><\/div>\n<\/section><section class=\"bde-section-177-114 bde-section\">\n  \n  \n\t\n\n\n\n<div class=\"section-container\"><div class=\"bde-columns-177-115 bde-columns\"><div class=\"bde-column-177-116 bde-column\">\n  \n  \n\t\n\n\n\n<h2 class=\"bde-heading-177-117 bde-heading\">\nPersonal development \u2014 tailored to you!\n<\/h2><div class=\"bde-checkmark-list-177-118 bde-checkmark-list\">\n<ul>\n  \n              \n              \n    <li>\n      <span class='bde-checkmark-list__icon bde-checkmark-list__icon_yes'>\n                  <svg xmlns=\"http:\/\/www.w3.org\/2000\/svg\" viewbox=\"0 0 448 512\"><!--! Font Awesome Free 6.5.1 by @fontawesome - https:\/\/fontawesome.com License - https:\/\/fontawesome.com\/license\/free (Icons: CC BY 4.0, Fonts: SIL OFL 1.1, Code: MIT License) Copyright 2023 Fonticons, Inc. --><path d=\"M438.6 105.4c12.5 12.5 12.5 32.8 0 45.3l-256 256c-12.5 12.5-32.8 12.5-45.3 0l-128-128c-12.5-12.5-12.5-32.8 0-45.3s32.8-12.5 45.3 0L160 338.7 393.4 105.4c12.5-12.5 32.8-12.5 45.3 0z\"\/><\/svg>\n              <\/span>\n      <div >\n        Star map: your personal compass \u2014 we map your unique rhythm and inner guidance and your highest potential\n      <\/div>\n\n    <\/li>\n\n  \n              \n              \n    <li>\n      <span class='bde-checkmark-list__icon bde-checkmark-list__icon_yes'>\n                  <svg xmlns=\"http:\/\/www.w3.org\/2000\/svg\" viewbox=\"0 0 448 512\"><!--! Font Awesome Free 6.5.1 by @fontawesome - https:\/\/fontawesome.com License - https:\/\/fontawesome.com\/license\/free (Icons: CC BY 4.0, Fonts: SIL OFL 1.1, Code: MIT License) Copyright 2023 Fonticons, Inc. --><path d=\"M438.6 105.4c12.5 12.5 12.5 32.8 0 45.3l-256 256c-12.5 12.5-32.8 12.5-45.3 0l-128-128c-12.5-12.5-12.5-32.8 0-45.3s32.8-12.5 45.3 0L160 338.7 393.4 105.4c12.5-12.5 32.8-12.5 45.3 0z\"\/><\/svg>\n              <\/span>\n      <div >\n        Energy and soul work: stand in your own place! \u2014 we find your place in your life and relationships so that you can be present with your own identity\n      <\/div>\n\n    <\/li>\n\n  \n              \n              \n    <li>\n      <span class='bde-checkmark-list__icon bde-checkmark-list__icon_yes'>\n                  <svg xmlns=\"http:\/\/www.w3.org\/2000\/svg\" viewbox=\"0 0 448 512\"><!--! Font Awesome Free 6.5.1 by @fontawesome - https:\/\/fontawesome.com License - https:\/\/fontawesome.com\/license\/free (Icons: CC BY 4.0, Fonts: SIL OFL 1.1, Code: MIT License) Copyright 2023 Fonticons, Inc. --><path d=\"M438.6 105.4c12.5 12.5 12.5 32.8 0 45.3l-256 256c-12.5 12.5-32.8 12.5-45.3 0l-128-128c-12.5-12.5-12.5-32.8 0-45.3s32.8-12.5 45.3 0L160 338.7 393.4 105.4c12.5-12.5 32.8-12.5 45.3 0z\"\/><\/svg>\n              <\/span>\n      <div >\n        The circle of life \u2013 12 areas of life \u2014 where you need new focus and power so that your life is truly yours\n      <\/div>\n\n    <\/li>\n\n  \n              \n              \n    <li>\n      <span class='bde-checkmark-list__icon bde-checkmark-list__icon_yes'>\n                  <svg xmlns=\"http:\/\/www.w3.org\/2000\/svg\" viewbox=\"0 0 448 512\"><!--! Font Awesome Free 6.5.1 by @fontawesome - https:\/\/fontawesome.com License - https:\/\/fontawesome.com\/license\/free (Icons: CC BY 4.0, Fonts: SIL OFL 1.1, Code: MIT License) Copyright 2023 Fonticons, Inc. --><path d=\"M438.6 105.4c12.5 12.5 12.5 32.8 0 45.3l-256 256c-12.5 12.5-32.8 12.5-45.3 0l-128-128c-12.5-12.5-12.5-32.8 0-45.3s32.8-12.5 45.3 0L160 338.7 393.4 105.4c12.5-12.5 32.8-12.5 45.3 0z\"\/><\/svg>\n              <\/span>\n      <div >\n        Relationships and archetypes \u2014 we support you to be more aware of your relationship patterns and in regaining your lost power\n      <\/div>\n\n    <\/li>\n\n  \n              \n              \n    <li>\n      <span class='bde-checkmark-list__icon bde-checkmark-list__icon_yes'>\n                  <svg xmlns=\"http:\/\/www.w3.org\/2000\/svg\" viewbox=\"0 0 448 512\"><!--! Font Awesome Free 6.5.1 by @fontawesome - https:\/\/fontawesome.com License - https:\/\/fontawesome.com\/license\/free (Icons: CC BY 4.0, Fonts: SIL OFL 1.1, Code: MIT License) Copyright 2023 Fonticons, Inc. --><path d=\"M438.6 105.4c12.5 12.5 12.5 32.8 0 45.3l-256 256c-12.5 12.5-32.8 12.5-45.3 0l-128-128c-12.5-12.5-12.5-32.8 0-45.3s32.8-12.5 45.3 0L160 338.7 393.4 105.4c12.5-12.5 32.8-12.5 45.3 0z\"\/><\/svg>\n              <\/span>\n      <div >\n        What are you capable of? \u2014 you map your own functioning and set out on your path with full force\n      <\/div>\n\n    <\/li>\n\n  \n              \n              \n    <li>\n      <span class='bde-checkmark-list__icon bde-checkmark-list__icon_yes'>\n                  <svg xmlns=\"http:\/\/www.w3.org\/2000\/svg\" viewbox=\"0 0 448 512\"><!--! Font Awesome Free 6.5.1 by @fontawesome - https:\/\/fontawesome.com License - https:\/\/fontawesome.com\/license\/free (Icons: CC BY 4.0, Fonts: SIL OFL 1.1, Code: MIT License) Copyright 2023 Fonticons, Inc. --><path d=\"M438.6 105.4c12.5 12.5 12.5 32.8 0 45.3l-256 256c-12.5 12.5-32.8 12.5-45.3 0l-128-128c-12.5-12.5-12.5-32.8 0-45.3s32.8-12.5 45.3 0L160 338.7 393.4 105.4c12.5-12.5 32.8-12.5 45.3 0z\"\/><\/svg>\n              <\/span>\n      <div >\n        Hidden blocks and inner power patterns \u2014 you recognize which archetypes are holding you back and how you can use them to your advantage\n      <\/div>\n\n    <\/li>\n\n  \n              \n              \n    <li>\n      <span class='bde-checkmark-list__icon bde-checkmark-list__icon_yes'>\n                  <svg xmlns=\"http:\/\/www.w3.org\/2000\/svg\" viewbox=\"0 0 448 512\"><!--! Font Awesome Free 6.5.1 by @fontawesome - https:\/\/fontawesome.com License - https:\/\/fontawesome.com\/license\/free (Icons: CC BY 4.0, Fonts: SIL OFL 1.1, Code: MIT License) Copyright 2023 Fonticons, Inc. --><path d=\"M438.6 105.4c12.5 12.5 12.5 32.8 0 45.3l-256 256c-12.5 12.5-32.8 12.5-45.3 0l-128-128c-12.5-12.5-12.5-32.8 0-45.3s32.8-12.5 45.3 0L160 338.7 393.4 105.4c12.5-12.5 32.8-12.5 45.3 0z\"\/><\/svg>\n              <\/span>\n      <div >\n        From dream to goal, from goal to result \u2014 supporting you <br>to plan the next steps and build a lasting system from them.\n      <\/div>\n\n    <\/li>\n\n  <\/ul>\n\n<\/div>\n<\/div><div class=\"bde-column-177-119 bde-column\">\n  \n  \n\t\n\n\n\n<img decoding=\"async\" class=\"bde-image2-177-120 bde-image2\" src=\"https:\/\/lunarium-academy.com\/wp-content\/uploads\/2025\/07\/lunarium-academy-muhely-alap-1.webp\" loading=\"lazy\" srcset=\"https:\/\/lunarium-academy.com\/wp-content\/uploads\/2025\/07\/lunarium-academy-muhely-alap-1.webp 1280w, https:\/\/lunarium-academy.com\/wp-content\/uploads\/2025\/07\/lunarium-academy-muhely-alap-1-300x233.webp 300w, https:\/\/lunarium-academy.com\/wp-content\/uploads\/2025\/07\/lunarium-academy-muhely-alap-1-1024x794.webp 1024w, https:\/\/lunarium-academy.com\/wp-content\/uploads\/2025\/07\/lunarium-academy-muhely-alap-1-768x595.webp 768w\" sizes=\"(max-width: 1280px) 100vw, 1280px\">\n<\/div><\/div><div class=\"bde-rich-text-177-169 bde-rich-text breakdance-rich-text-styles\">\n<p style=\"font-weight: 400;\"><strong>7+2 suitable, personalized consultations, each lasting up to 100 minutes -<\/strong> where we guide you step by step along the path, <strong>at the end of which you will move forward as a man with clear focus,<\/strong> full power and awareness.<\/p>\n<\/div><\/div>\n<\/section><section class=\"bde-section-177-121 bde-section\">\n  \n  \n\t\n\n\n\n<div class=\"section-container\"><h3 class=\"bde-heading-177-122 bde-heading\">\nTopics \u2013 From consultation to consultation:\n<\/h3><div class=\"bde-fancy-divider-177-123 bde-fancy-divider\">\n\n\n<div class=\"bde-fancy-divider__wrapper\">\n  <div class=\"bde-fancy-divider__separator\">\n  \t  <\/div>\n<\/div>\n\n<\/div><div class=\"bde-columns-177-124 bde-columns\"><div class=\"bde-column-177-125 bde-column\">\n  \n  \n\t\n\n\n\n<div class=\"bde-div-177-126 bde-div\">\n  \n  \n\t\n\n\n\n<div class=\"bde-badge-177-127 bde-badge\">\n<span >Session 1<\/span>\n<\/div><div class=\"bde-text-177-128 bde-text\">\nStar Map: Your Personal Compass\n<\/div>\n<\/div><div class=\"bde-icon-list-177-129 bde-icon-list\">\n<ul>\n  \n              \n    <li>\n              <div class='bde-icon-list__item-wrapper'>\n      \n      <span class='bde-icon-list__icon'>\n        <svg xmlns=\"http:\/\/www.w3.org\/2000\/svg\" id=\"icon-bookmark\" viewbox=\"0 0 32 32\">\n<path d=\"M6 0v32l10-10 10 10v-32z\"\/>\n<\/svg>\n      <\/span>\n      <span class='bde-icon-list__text' >\n      We map the unique rhythm of your life: what you are tuned to, when are you the most powerful, where is your inner guiding thread. An astrological map that is about you \u2013 not a prediction, but a guide to your most effective possibilities.\n      <\/span>\n              <\/div>\n      \n    <\/li>\n\n  <\/ul>\n\n<\/div>\n<\/div><div class=\"bde-column-177-130 bde-column\">\n  \n  \n\t\n\n\n\n<div class=\"bde-div-177-131 bde-div\">\n  \n  \n\t\n\n\n\n<div class=\"bde-badge-177-132 bde-badge\">\n<span >Session 2<\/span>\n<\/div><div class=\"bde-text-177-133 bde-text\">\nEnergy and soul work \u2013 Stand in your own place!\n<\/div>\n<\/div><div class=\"bde-icon-list-177-134 bde-icon-list\">\n<ul>\n  \n              \n    <li>\n              <div class='bde-icon-list__item-wrapper'>\n      \n      <span class='bde-icon-list__icon'>\n        <svg xmlns=\"http:\/\/www.w3.org\/2000\/svg\" id=\"icon-bookmark\" viewbox=\"0 0 32 32\">\n<path d=\"M6 0v32l10-10 10 10v-32z\"\/>\n<\/svg>\n      <\/span>\n      <span class='bde-icon-list__text' >\n      Where is your place in your own life, in your family, <br>in your relationships?\n      <\/span>\n              <\/div>\n      \n    <\/li>\n\n  \n              \n    <li>\n              <div class='bde-icon-list__item-wrapper'>\n      \n      <span class='bde-icon-list__icon'>\n        <svg xmlns=\"http:\/\/www.w3.org\/2000\/svg\" id=\"icon-bookmark\" viewbox=\"0 0 32 32\">\n<path d=\"M6 0v32l10-10 10 10v-32z\"\/>\n<\/svg>\n      <\/span>\n      <span class='bde-icon-list__text' >\n      Let's clarify what your role, responsibility and inner resources are \u2013 so that you can be present in all areas of life on a stable basis, with your own identity. \n      <\/span>\n              <\/div>\n      \n    <\/li>\n\n  <\/ul>\n\n<\/div>\n<\/div><\/div><div class=\"bde-columns-177-135 bde-columns\"><div class=\"bde-column-177-136 bde-column\">\n  \n  \n\t\n\n\n\n<div class=\"bde-div-177-137 bde-div\">\n  \n  \n\t\n\n\n\n<div class=\"bde-badge-177-138 bde-badge\">\n<span >Session 3<\/span>\n<\/div><div class=\"bde-text-177-139 bde-text\">\nThe Circle of Life \u2013 12 Life Areas\n<\/div>\n<\/div><div class=\"bde-icon-list-177-140 bde-icon-list\">\n<ul>\n  \n              \n    <li>\n              <div class='bde-icon-list__item-wrapper'>\n      \n      <span class='bde-icon-list__icon'>\n        <svg xmlns=\"http:\/\/www.w3.org\/2000\/svg\" id=\"icon-bookmark\" viewbox=\"0 0 32 32\">\n<path d=\"M6 0v32l10-10 10 10v-32z\"\/>\n<\/svg>\n      <\/span>\n      <span class='bde-icon-list__text' >\n      What is really important in your life right now? Where have things gone wrong? In which areas do you need to regain focus, strength and direction \u2013 so that your life is truly about you?\n      <\/span>\n              <\/div>\n      \n    <\/li>\n\n  <\/ul>\n\n<\/div>\n<\/div><div class=\"bde-column-177-141 bde-column\">\n  \n  \n\t\n\n\n\n<div class=\"bde-div-177-142 bde-div\">\n  \n  \n\t\n\n\n\n<div class=\"bde-badge-177-143 bde-badge\">\n<span >Session 4<\/span>\n<\/div><div class=\"bde-text-177-144 bde-text\">\nRelationships and Archetypes\n<\/div>\n<\/div><div class=\"bde-icon-list-177-145 bde-icon-list\">\n<ul>\n  \n              \n    <li>\n              <div class='bde-icon-list__item-wrapper'>\n      \n      <span class='bde-icon-list__icon'>\n        <svg xmlns=\"http:\/\/www.w3.org\/2000\/svg\" id=\"icon-bookmark\" viewbox=\"0 0 32 32\">\n<path d=\"M6 0v32l10-10 10 10v-32z\"\/>\n<\/svg>\n      <\/span>\n      <span class='bde-icon-list__text' >\n      What internal patterns drive your relationships? Where are you losing power \u2013 and how can you regain it? This is where conscious control begins.\n      <\/span>\n              <\/div>\n      \n    <\/li>\n\n  <\/ul>\n\n<\/div>\n<\/div><\/div><div class=\"bde-columns-177-146 bde-columns\"><div class=\"bde-column-177-147 bde-column\">\n  \n  \n\t\n\n\n\n<div class=\"bde-div-177-148 bde-div\">\n  \n  \n\t\n\n\n\n<div class=\"bde-badge-177-149 bde-badge\">\n<span >Session 5<\/span>\n<\/div><div class=\"bde-text-177-150 bde-text\">\nWhat are you capable of?\n<\/div>\n<\/div><div class=\"bde-icon-list-177-151 bde-icon-list\">\n<ul>\n  \n              \n    <li>\n              <div class='bde-icon-list__item-wrapper'>\n      \n      <span class='bde-icon-list__icon'>\n        <svg xmlns=\"http:\/\/www.w3.org\/2000\/svg\" id=\"icon-bookmark\" viewbox=\"0 0 32 32\">\n<path d=\"M6 0v32l10-10 10 10v-32z\"\/>\n<\/svg>\n      <\/span>\n      <span class='bde-icon-list__text' >\n      What is your own operational map? How can you activate the leader within you \u2013 and how can you fully engage in your own path?\n      <\/span>\n              <\/div>\n      \n    <\/li>\n\n  <\/ul>\n\n<\/div>\n<\/div><div class=\"bde-column-177-152 bde-column\">\n  \n  \n\t\n\n\n\n<div class=\"bde-div-177-153 bde-div\">\n  \n  \n\t\n\n\n\n<div class=\"bde-badge-177-154 bde-badge\">\n<span >Session 6<\/span>\n<\/div><div class=\"bde-text-177-155 bde-text\">\nHidden blocks and inner power patterns\n<\/div>\n<\/div><div class=\"bde-icon-list-177-156 bde-icon-list\">\n<ul>\n  \n              \n    <li>\n              <div class='bde-icon-list__item-wrapper'>\n      \n      <span class='bde-icon-list__icon'>\n        <svg xmlns=\"http:\/\/www.w3.org\/2000\/svg\" id=\"icon-bookmark\" viewbox=\"0 0 32 32\">\n<path d=\"M6 0v32l10-10 10 10v-32z\"\/>\n<\/svg>\n      <\/span>\n      <span class='bde-icon-list__text' >\n      Which archetypes hold you back, and which ones give you power if you consciously control them? Discover where you are losing energy \u2013 and how you can turn it to your advantage.\n      <\/span>\n              <\/div>\n      \n    <\/li>\n\n  <\/ul>\n\n<\/div>\n<\/div><\/div><div class=\"bde-columns-177-157 bde-columns\"><div class=\"bde-column-177-158 bde-column\">\n  \n  \n\t\n\n\n\n<div class=\"bde-div-177-159 bde-div\">\n  \n  \n\t\n\n\n\n<div class=\"bde-badge-177-160 bde-badge\">\n<span >Sessions 7-9<\/span>\n<\/div><div class=\"bde-text-177-161 bde-text\">\nFrom dream to goal, from goal to result\n<\/div>\n<\/div><div class=\"bde-icon-list-177-162 bde-icon-list\">\n<ul>\n  \n              \n    <li>\n              <div class='bde-icon-list__item-wrapper'>\n      \n      <span class='bde-icon-list__icon'>\n        <svg xmlns=\"http:\/\/www.w3.org\/2000\/svg\" id=\"icon-bookmark\" viewbox=\"0 0 32 32\">\n<path d=\"M6 0v32l10-10 10 10v-32z\"\/>\n<\/svg>\n      <\/span>\n      <span class='bde-icon-list__text' >\n      What are your next decisive steps? How do you build a working system from them that brings lasting results?\n      <\/span>\n              <\/div>\n      \n    <\/li>\n\n  <\/ul>\n\n<\/div>\n<\/div><div class=\"bde-column-177-163 bde-column\">\n  \n  \n\t\n\n\n\n\n<\/div><\/div><\/div>\n<\/section><section id=\"jelentkezes\" class=\"bde-section-177-166 bde-section\">\n  \n  \n\t\n\n\n\n<div class=\"section-container\"><h2 class=\"bde-heading-177-167 bde-heading\">\nBuild a life where you consciously create, lead and develop as a man. \n<\/h2><div class=\"bde-button-177-173 bde-button\">\n    \n                                    \n    \n    \n    \n    \n            \n                    \n            \n            \n\n    \n    \n    \n    \n    \n    <a class=\"breakdance-link button-atom button-atom--custom bde-button__button\" href=\"https:\/\/lunarium-academy.com\/en\/checkout\/?add-to-cart=622&wmc-currency=EUR\" target=\"_self\" data-type=\"url\"  >\n\n    \n        <span class=\"button-atom__text\">REGISTER NOW<\/span>\n\n        \n        \n                <\/a>\n\n    \n\n\n<\/div><\/div>\n<\/section>","protected":false},"excerpt":{"rendered":"<p>F\u00e9rfi Teremt\u0151er\u0151 \u2013 Alapok Vedd a kezedbe az \u00e9leted ir\u00e1ny\u00edt\u00e1s\u00e1t! Ha \u00e9rzed, hogy itt az id\u0151 szintet l\u00e9pni \u2013 \u00f6nmagadban, a hivat\u00e1sodban vagy a v\u00e1llalkoz\u00e1sodban \u2013, de valami m\u00e9g visszatart\u2026 Ha azt tapasztalod, hogy egy ponton elakadt\u00e1l, \u00e9s \u00faj lend\u00fcletre van sz\u00fcks\u00e9ged, akkor ez a program Neked sz\u00f3l! Ez egy c\u00e9lzott, f\u00e9rfiaknak sz\u00f3l\u00f3 \u00f6nismereti-konzult\u00e1ci\u00f3s sorozat, [&hellip;]<\/p>\n","protected":false},"author":1,"featured_media":0,"parent":165,"menu_order":0,"comment_status":"closed","ping_status":"closed","template":"","meta":{"_breakdance_hide_in_design_set":false,"_breakdance_tags":"","footnotes":""},"class_list":["post-177","page","type-page","status-publish","hentry"],"yoast_head":"<!-- This site is optimized with the Yoast SEO Premium plugin v27.2 (Yoast SEO v27.2) - https:\/\/yoast.com\/product\/yoast-seo-premium-wordpress\/ -->\n<title>F\u00e9rfi Teremt\u0151er\u0151 \u2013 Alapok - Lunarium Academy<\/title>\n<meta name=\"robots\" content=\"index, follow, max-snippet:-1, max-image-preview:large, max-video-preview:-1\" \/>\n<link rel=\"canonical\" href=\"https:\/\/lunarium-academy.com\/en\/workshops\/creative-masculine-power-foundation\/?wmc-currency=EUR\" \/>\n<meta property=\"og:locale\" content=\"en_GB\" \/>\n<meta property=\"og:type\" content=\"article\" \/>\n<meta property=\"og:title\" content=\"F\u00e9rfi Teremt\u0151er\u0151 \u2013 Alapok\" \/>\n<meta property=\"og:description\" content=\"F\u00e9rfi Teremt\u0151er\u0151 \u2013 Alapok Vedd a kezedbe az \u00e9leted ir\u00e1ny\u00edt\u00e1s\u00e1t! Ha \u00e9rzed, hogy itt az id\u0151 szintet l\u00e9pni \u2013 \u00f6nmagadban, a hivat\u00e1sodban vagy a v\u00e1llalkoz\u00e1sodban \u2013, de valami m\u00e9g visszatart\u2026 Ha azt tapasztalod, hogy egy ponton elakadt\u00e1l, \u00e9s \u00faj lend\u00fcletre van sz\u00fcks\u00e9ged, akkor ez a program Neked sz\u00f3l! Ez egy c\u00e9lzott, f\u00e9rfiaknak sz\u00f3l\u00f3 \u00f6nismereti-konzult\u00e1ci\u00f3s sorozat, [&hellip;]\" \/>\n<meta property=\"og:url\" content=\"https:\/\/lunarium-academy.com\/en\/workshops\/creative-masculine-power-foundation\/?wmc-currency=EUR\" \/>\n<meta property=\"og:site_name\" content=\"Lunarium Academy\" \/>\n<meta property=\"article:modified_time\" content=\"2025-10-21T11:59:05+00:00\" \/>\n<meta name=\"twitter:card\" content=\"summary_large_image\" \/>\n<script type=\"application\/ld+json\" class=\"yoast-schema-graph\">{\"@context\":\"https:\/\/schema.org\",\"@graph\":[{\"@type\":\"WebPage\",\"@id\":\"https:\/\/lunarium-academy.com\/muhelyeink\/ferfi-teremtoero-alapok\/\",\"url\":\"https:\/\/lunarium-academy.com\/muhelyeink\/ferfi-teremtoero-alapok\/\",\"name\":\"F\u00e9rfi Teremt\u0151er\u0151 \u2013 Alapok - Lunarium Academy\",\"isPartOf\":{\"@id\":\"https:\/\/lunarium-academy.com\/#website\"},\"datePublished\":\"2025-07-14T18:25:10+00:00\",\"dateModified\":\"2025-10-21T11:59:05+00:00\",\"breadcrumb\":{\"@id\":\"https:\/\/lunarium-academy.com\/muhelyeink\/ferfi-teremtoero-alapok\/#breadcrumb\"},\"inLanguage\":\"en-GB\",\"potentialAction\":[{\"@type\":\"ReadAction\",\"target\":[\"https:\/\/lunarium-academy.com\/muhelyeink\/ferfi-teremtoero-alapok\/\"]}]},{\"@type\":\"BreadcrumbList\",\"@id\":\"https:\/\/lunarium-academy.com\/muhelyeink\/ferfi-teremtoero-alapok\/#breadcrumb\",\"itemListElement\":[{\"@type\":\"ListItem\",\"position\":1,\"name\":\"Kezd\u0151lap\",\"item\":\"https:\/\/lunarium-academy.com\/\"},{\"@type\":\"ListItem\",\"position\":2,\"name\":\"M\u0171helyeink\",\"item\":\"https:\/\/lunarium-academy.com\/muhelyeink\/\"},{\"@type\":\"ListItem\",\"position\":3,\"name\":\"F\u00e9rfi Teremt\u0151er\u0151 \u2013 Alapok\"}]},{\"@type\":\"WebSite\",\"@id\":\"https:\/\/lunarium-academy.com\/#website\",\"url\":\"https:\/\/lunarium-academy.com\/\",\"name\":\"Lunarium Academy\",\"description\":\"\",\"potentialAction\":[{\"@type\":\"SearchAction\",\"target\":{\"@type\":\"EntryPoint\",\"urlTemplate\":\"https:\/\/lunarium-academy.com\/?s={search_term_string}\"},\"query-input\":{\"@type\":\"PropertyValueSpecification\",\"valueRequired\":true,\"valueName\":\"search_term_string\"}}],\"inLanguage\":\"en-GB\"}]}<\/script>\n<!-- \/ Yoast SEO Premium plugin. -->","yoast_head_json":{"title":"Creative Masculine Power \u2013 Foundation - Lunarium Academy","robots":{"index":"index","follow":"follow","max-snippet":"max-snippet:-1","max-image-preview":"max-image-preview:large","max-video-preview":"max-video-preview:-1"},"canonical":"https:\/\/lunarium-academy.com\/en\/workshops\/creative-masculine-power-foundation\/?wmc-currency=EUR","og_locale":"en_GB","og_type":"article","og_title":"F\u00e9rfi Teremt\u0151er\u0151 \u2013 Alapok","og_description":"F\u00e9rfi Teremt\u0151er\u0151 \u2013 Alapok Vedd a kezedbe az \u00e9leted ir\u00e1ny\u00edt\u00e1s\u00e1t! Ha \u00e9rzed, hogy itt az id\u0151 szintet l\u00e9pni \u2013 \u00f6nmagadban, a hivat\u00e1sodban vagy a v\u00e1llalkoz\u00e1sodban \u2013, de valami m\u00e9g visszatart\u2026 Ha azt tapasztalod, hogy egy ponton elakadt\u00e1l, \u00e9s \u00faj lend\u00fcletre van sz\u00fcks\u00e9ged, akkor ez a program Neked sz\u00f3l! Ez egy c\u00e9lzott, f\u00e9rfiaknak sz\u00f3l\u00f3 \u00f6nismereti-konzult\u00e1ci\u00f3s sorozat, [&hellip;]","og_url":"https:\/\/lunarium-academy.com\/en\/workshops\/creative-masculine-power-foundation\/?wmc-currency=EUR","og_site_name":"Lunarium Academy","article_modified_time":"2025-10-21T11:59:05+00:00","twitter_card":"summary_large_image","schema":{"@context":"https:\/\/schema.org","@graph":[{"@type":"WebPage","@id":"https:\/\/lunarium-academy.com\/muhelyeink\/ferfi-teremtoero-alapok\/","url":"https:\/\/lunarium-academy.com\/muhelyeink\/ferfi-teremtoero-alapok\/","name":"Creative Masculine Power \u2013 Foundation - Lunarium Academy","isPartOf":{"@id":"https:\/\/lunarium-academy.com\/#website"},"datePublished":"2025-07-14T18:25:10+00:00","dateModified":"2025-10-21T11:59:05+00:00","breadcrumb":{"@id":"https:\/\/lunarium-academy.com\/muhelyeink\/ferfi-teremtoero-alapok\/#breadcrumb"},"inLanguage":"en-GB","potentialAction":[{"@type":"ReadAction","target":["https:\/\/lunarium-academy.com\/muhelyeink\/ferfi-teremtoero-alapok\/"]}]},{"@type":"BreadcrumbList","@id":"https:\/\/lunarium-academy.com\/muhelyeink\/ferfi-teremtoero-alapok\/#breadcrumb","itemListElement":[{"@type":"ListItem","position":1,"name":"Kezd\u0151lap","item":"https:\/\/lunarium-academy.com\/"},{"@type":"ListItem","position":2,"name":"M\u0171helyeink","item":"https:\/\/lunarium-academy.com\/muhelyeink\/"},{"@type":"ListItem","position":3,"name":"F\u00e9rfi Teremt\u0151er\u0151 \u2013 Alapok"}]},{"@type":"WebSite","@id":"https:\/\/lunarium-academy.com\/#website","url":"https:\/\/lunarium-academy.com\/","name":"Lunarium Academy","description":"","potentialAction":[{"@type":"SearchAction","target":{"@type":"EntryPoint","urlTemplate":"https:\/\/lunarium-academy.com\/?s={search_term_string}"},"query-input":{"@type":"PropertyValueSpecification","valueRequired":true,"valueName":"search_term_string"}}],"inLanguage":"en-GB"}]}},"_links":{"self":[{"href":"https:\/\/lunarium-academy.com\/en\/wp-json\/wp\/v2\/pages\/177","targetHints":{"allow":["GET"]}}],"collection":[{"href":"https:\/\/lunarium-academy.com\/en\/wp-json\/wp\/v2\/pages"}],"about":[{"href":"https:\/\/lunarium-academy.com\/en\/wp-json\/wp\/v2\/types\/page"}],"author":[{"embeddable":true,"href":"https:\/\/lunarium-academy.com\/en\/wp-json\/wp\/v2\/users\/1"}],"replies":[{"embeddable":true,"href":"https:\/\/lunarium-academy.com\/en\/wp-json\/wp\/v2\/comments?post=177"}],"version-history":[{"count":1,"href":"https:\/\/lunarium-academy.com\/en\/wp-json\/wp\/v2\/pages\/177\/revisions"}],"predecessor-version":[{"id":987,"href":"https:\/\/lunarium-academy.com\/en\/wp-json\/wp\/v2\/pages\/177\/revisions\/987"}],"up":[{"embeddable":true,"href":"https:\/\/lunarium-academy.com\/en\/wp-json\/wp\/v2\/pages\/165"}],"wp:attachment":[{"href":"https:\/\/lunarium-academy.com\/en\/wp-json\/wp\/v2\/media?parent=177"}],"curies":[{"name":"wp","href":"https:\/\/api.w.org\/{rel}","templated":true}]}}