{"id":26,"date":"2025-06-28T12:53:38","date_gmt":"2025-06-28T10:53:38","guid":{"rendered":"https:\/\/lunarium-academy.com\/?page_id=26"},"modified":"2025-12-01T13:48:39","modified_gmt":"2025-12-01T12:48:39","slug":"news","status":"publish","type":"page","link":"https:\/\/lunarium-academy.com\/en\/kepzesek\/","title":{"rendered":"Trainings"},"content":{"rendered":"<section class=\"bde-section-26-100 bde-section\">\n  \n  \n\t\n\n\n\n<div class=\"section-container\"><h1 class=\"bde-heading-26-101 bde-heading\">\nOur Trainings\n<\/h1><div class=\"bde-fancy-divider-26-102 bde-fancy-divider\">\n\n\n<div class=\"bde-fancy-divider__wrapper\">\n  <div class=\"bde-fancy-divider__separator\">\n  \t  <\/div>\n<\/div>\n\n<\/div><\/div>\n<\/section><section class=\"bde-section-26-111 bde-section\">\n  \n  \n\t\n\n\n\n<div class=\"section-container\"><div class=\"bde-grid-26-126 bde-grid\">\n  \n  \n\t\n\n\n\n<div class=\"bde-div-26-127 bde-div\">\n  \n  \n\t\n\n\n\n<div class=\"bde-div-26-128 bde-div\">\n  \n  \n\t\n\n\n\n<img decoding=\"async\" class=\"bde-image2-26-129 bde-image2\" src=\"https:\/\/lunarium-academy.com\/wp-content\/uploads\/2025\/07\/EG-KO.jpg\" loading=\"lazy\" srcset=\"https:\/\/lunarium-academy.com\/wp-content\/uploads\/2025\/07\/EG-KO.jpg 960w, https:\/\/lunarium-academy.com\/wp-content\/uploads\/2025\/07\/EG-KO-600x338.jpg 600w, https:\/\/lunarium-academy.com\/wp-content\/uploads\/2025\/07\/EG-KO-300x169.jpg 300w, https:\/\/lunarium-academy.com\/wp-content\/uploads\/2025\/07\/EG-KO-768x432.jpg 768w\" sizes=\"(max-width: 960px) 100vw, 960px\"><div class=\"bde-image-box-26-130 bde-image-box bde-image-box-content-padding-only\">\n<div class=\"ee-imagebox-image\">\n  <img loading=\"lazy\" decoding=\"async\" class=\"breakdance-image-object\" src=\"data:image\/svg+xml;charset=UTF-8,%3csvg xmlns='http:\/\/www.w3.org\/2000\/svg' width='540' height='540' viewBox='0 0 140 140'%3e%3cpath d='M0 0h140v140H0z' fill='%23e5e7eb'\/%3e%3cpath d='M88 82.46H51.8v-4.52l6.74-6.74a1.13 1.13 0 011.6 0l5.23 5.23 12.76-12.77a1.13 1.13 0 011.6 0L88 71.91z' fill='%23e5e7eb'\/%3e%3cpath d='M89.48 52.32H50.29a4.52 4.52 0 00-4.52 4.52V84a4.53 4.53 0 004.52 4.52h39.19A4.52 4.52 0 0094 84V56.84a4.52 4.52 0 00-4.52-4.52zm-33.16 5.27a5.28 5.28 0 11-5.27 5.28 5.27 5.27 0 015.27-5.28zM88 82.46H51.8v-4.52l6.74-6.74a1.13 1.13 0 011.6 0l5.23 5.23 12.76-12.77a1.13 1.13 0 011.6 0L88 71.91z' fill='%23d1d5db'\/%3e%3c\/svg%3e\" width=\"540\" height=\"540\">\n<\/div>\n<div class=\"ee-imagebox-content\">\n      <h3 class=\"ee-imagebox-title bde-h3\" >SKY-STONE<\/h3>\n    \n      <div class=\"ee-imagebox-text\" >Accredited Holistic Self-awareness Leader and Coach Training<\/div>\n    \n  <\/div>\n\n<\/div>\n<\/div><div class=\"bde-div-26-131 bde-div\">\n  \n  \n\t\n\n\n\n<div class=\"bde-button-26-132 bde-button\">\n    \n                                    \n    \n    \n    \n    \n            \n                    \n            \n            \n\n    \n    \n    \n    \n    \n    <a class=\"breakdance-link button-atom button-atom--custom bde-button__button\" href=\"https:\/\/lunarium-academy.com\/en\/news\/sky-stone\/?wmc-currency=EUR\" target=\"_self\" data-type=\"url\"  >\n\n    \n        <span class=\"button-atom__text\">Interested<\/span>\n\n        \n        \n                <\/a>\n\n    \n\n\n<\/div>\n<\/div>\n<\/div><div class=\"bde-div-26-133 bde-div\">\n  \n  \n\t\n\n\n\n<div class=\"bde-div-26-134 bde-div\">\n  \n  \n\t\n\n\n\n<img decoding=\"async\" class=\"bde-image2-26-135 bde-image2\" src=\"https:\/\/lunarium-academy.com\/wp-content\/uploads\/2025\/07\/A-Vizonto-kor-asztrologiaja-2.jpg\" loading=\"lazy\" srcset=\"https:\/\/lunarium-academy.com\/wp-content\/uploads\/2025\/07\/A-Vizonto-kor-asztrologiaja-2.jpg 960w, https:\/\/lunarium-academy.com\/wp-content\/uploads\/2025\/07\/A-Vizonto-kor-asztrologiaja-2-600x338.jpg 600w, https:\/\/lunarium-academy.com\/wp-content\/uploads\/2025\/07\/A-Vizonto-kor-asztrologiaja-2-300x169.jpg 300w, https:\/\/lunarium-academy.com\/wp-content\/uploads\/2025\/07\/A-Vizonto-kor-asztrologiaja-2-768x432.jpg 768w\" sizes=\"(max-width: 960px) 100vw, 960px\"><div class=\"bde-image-box-26-136 bde-image-box bde-image-box-content-padding-only\">\n<div class=\"ee-imagebox-image\">\n  <img loading=\"lazy\" decoding=\"async\" class=\"breakdance-image-object\" src=\"data:image\/svg+xml;charset=UTF-8,%3csvg xmlns='http:\/\/www.w3.org\/2000\/svg' width='540' height='540' viewBox='0 0 140 140'%3e%3cpath d='M0 0h140v140H0z' fill='%23e5e7eb'\/%3e%3cpath d='M88 82.46H51.8v-4.52l6.74-6.74a1.13 1.13 0 011.6 0l5.23 5.23 12.76-12.77a1.13 1.13 0 011.6 0L88 71.91z' fill='%23e5e7eb'\/%3e%3cpath d='M89.48 52.32H50.29a4.52 4.52 0 00-4.52 4.52V84a4.53 4.53 0 004.52 4.52h39.19A4.52 4.52 0 0094 84V56.84a4.52 4.52 0 00-4.52-4.52zm-33.16 5.27a5.28 5.28 0 11-5.27 5.28 5.27 5.27 0 015.27-5.28zM88 82.46H51.8v-4.52l6.74-6.74a1.13 1.13 0 011.6 0l5.23 5.23 12.76-12.77a1.13 1.13 0 011.6 0L88 71.91z' fill='%23d1d5db'\/%3e%3c\/svg%3e\" width=\"540\" height=\"540\">\n<\/div>\n<div class=\"ee-imagebox-content\">\n      <h3 class=\"ee-imagebox-title bde-h3\" >Astrology for the Age of Aquarius<\/h3>\n    \n      <div class=\"ee-imagebox-text\" >Growth in the Flow<\/div>\n    \n  <\/div>\n\n<\/div>\n<\/div><div class=\"bde-div-26-137 bde-div\">\n  \n  \n\t\n\n\n\n<div class=\"bde-button-26-138 bde-button\">\n    \n                                    \n    \n    \n    \n    \n            \n                    \n            \n            \n\n    \n    \n    \n    \n    \n    <a class=\"breakdance-link button-atom button-atom--custom bde-button__button\" href=\"https:\/\/lunarium-academy.com\/en\/news\/astrology-for-the-age-of-aquarius\/?wmc-currency=EUR\" target=\"_self\" data-type=\"url\"  >\n\n    \n        <span class=\"button-atom__text\">Interested<\/span>\n\n        \n        \n                <\/a>\n\n    \n\n\n<\/div>\n<\/div>\n<\/div><div class=\"bde-div-26-139 bde-div\">\n  \n  \n\t\n\n\n\n<div class=\"bde-div-26-140 bde-div\">\n  \n  \n\t\n\n\n\n<img decoding=\"async\" class=\"bde-image2-26-141 bde-image2\" src=\"https:\/\/lunarium-academy.com\/wp-content\/uploads\/2025\/07\/Vizonto-Asztrologia-Mesterfokon.jpg\" loading=\"lazy\" srcset=\"https:\/\/lunarium-academy.com\/wp-content\/uploads\/2025\/07\/Vizonto-Asztrologia-Mesterfokon.jpg 960w, https:\/\/lunarium-academy.com\/wp-content\/uploads\/2025\/07\/Vizonto-Asztrologia-Mesterfokon-600x338.jpg 600w, https:\/\/lunarium-academy.com\/wp-content\/uploads\/2025\/07\/Vizonto-Asztrologia-Mesterfokon-300x169.jpg 300w, https:\/\/lunarium-academy.com\/wp-content\/uploads\/2025\/07\/Vizonto-Asztrologia-Mesterfokon-768x432.jpg 768w\" sizes=\"(max-width: 960px) 100vw, 960px\"><div class=\"bde-image-box-26-142 bde-image-box bde-image-box-content-padding-only\">\n<div class=\"ee-imagebox-image\">\n  <img loading=\"lazy\" decoding=\"async\" class=\"breakdance-image-object\" src=\"data:image\/svg+xml;charset=UTF-8,%3csvg xmlns='http:\/\/www.w3.org\/2000\/svg' width='540' height='540' viewBox='0 0 140 140'%3e%3cpath d='M0 0h140v140H0z' fill='%23e5e7eb'\/%3e%3cpath d='M88 82.46H51.8v-4.52l6.74-6.74a1.13 1.13 0 011.6 0l5.23 5.23 12.76-12.77a1.13 1.13 0 011.6 0L88 71.91z' fill='%23e5e7eb'\/%3e%3cpath d='M89.48 52.32H50.29a4.52 4.52 0 00-4.52 4.52V84a4.53 4.53 0 004.52 4.52h39.19A4.52 4.52 0 0094 84V56.84a4.52 4.52 0 00-4.52-4.52zm-33.16 5.27a5.28 5.28 0 11-5.27 5.28 5.27 5.27 0 015.27-5.28zM88 82.46H51.8v-4.52l6.74-6.74a1.13 1.13 0 011.6 0l5.23 5.23 12.76-12.77a1.13 1.13 0 011.6 0L88 71.91z' fill='%23d1d5db'\/%3e%3c\/svg%3e\" width=\"540\" height=\"540\">\n<\/div>\n<div class=\"ee-imagebox-content\">\n      <h3 class=\"ee-imagebox-title bde-h3\" >Astrology for the Age of Aquarius - Advanced<\/h3>\n    \n      <div class=\"ee-imagebox-text\" >Holographic Star Horoscope Analysis<\/div>\n    \n  <\/div>\n\n<\/div>\n<\/div><div class=\"bde-div-26-143 bde-div\">\n  \n  \n\t\n\n\n\n<div class=\"bde-button-26-144 bde-button\">\n    \n                                    \n    \n    \n    \n    \n            \n                    \n            \n            \n\n    \n    \n    \n    \n    \n    <a class=\"breakdance-link button-atom button-atom--custom bde-button__button\" href=\"https:\/\/lunarium-academy.com\/en\/news\/astrology-for-the-age-of-aquarius-advanced\/?wmc-currency=EUR\" target=\"_self\" data-type=\"url\"  >\n\n    \n        <span class=\"button-atom__text\">Interested<\/span>\n\n        \n        \n                <\/a>\n\n    \n\n\n<\/div>\n<\/div>\n<\/div>\n<\/div><\/div>\n<\/section>","protected":false},"excerpt":{"rendered":"<p>K\u00e9pz\u00e9seink \u00c9G-K\u0150 Akkredit\u00e1lt Holisztikus \u00d6nismereti Leader \u00e9s Coach K\u00e9pz\u00e9s Megn\u00e9zem A V\u00edz\u00f6nt\u0151 kor asztrol\u00f3gi\u00e1ja \u00c1raml\u00e1sban n\u00f6veked\u00e9s Megn\u00e9zem V\u00edz\u00f6nt\u0151 Asztrol\u00f3gia Mesterfokon A holografikus csillag-horoszk\u00f3p elemz\u00e9se Megn\u00e9zem<\/p>","protected":false},"author":1,"featured_media":0,"parent":0,"menu_order":0,"comment_status":"closed","ping_status":"closed","template":"","meta":{"_breakdance_hide_in_design_set":false,"_breakdance_tags":"","footnotes":""},"class_list":["post-26","page","type-page","status-publish","hentry"],"yoast_head":"<!-- This site is optimized with the Yoast SEO Premium plugin v27.2 (Yoast SEO v27.2) - https:\/\/yoast.com\/product\/yoast-seo-premium-wordpress\/ -->\n<title>K\u00e9pz\u00e9sek - Lunarium Academy<\/title>\n<meta name=\"robots\" content=\"index, follow, max-snippet:-1, max-image-preview:large, max-video-preview:-1\" \/>\n<link rel=\"canonical\" href=\"https:\/\/lunarium-academy.com\/en\/news\/?wmc-currency=EUR\" \/>\n<meta property=\"og:locale\" content=\"en_GB\" \/>\n<meta property=\"og:type\" content=\"article\" \/>\n<meta property=\"og:title\" content=\"K\u00e9pz\u00e9sek\" \/>\n<meta property=\"og:description\" content=\"K\u00e9pz\u00e9seink \u00c9G-K\u0150 Akkredit\u00e1lt Holisztikus \u00d6nismereti Leader \u00e9s Coach K\u00e9pz\u00e9s Megn\u00e9zem A V\u00edz\u00f6nt\u0151 kor asztrol\u00f3gi\u00e1ja \u00c1raml\u00e1sban n\u00f6veked\u00e9s Megn\u00e9zem V\u00edz\u00f6nt\u0151 Asztrol\u00f3gia Mesterfokon A holografikus csillag-horoszk\u00f3p elemz\u00e9se Megn\u00e9zem\" \/>\n<meta property=\"og:url\" content=\"https:\/\/lunarium-academy.com\/en\/news\/?wmc-currency=EUR\" \/>\n<meta property=\"og:site_name\" content=\"Lunarium Academy\" \/>\n<meta property=\"article:modified_time\" content=\"2025-12-01T12:48:39+00:00\" \/>\n<meta name=\"twitter:card\" content=\"summary_large_image\" \/>\n<script type=\"application\/ld+json\" class=\"yoast-schema-graph\">{\"@context\":\"https:\/\/schema.org\",\"@graph\":[{\"@type\":\"WebPage\",\"@id\":\"https:\/\/lunarium-academy.com\/kepzesek\/\",\"url\":\"https:\/\/lunarium-academy.com\/kepzesek\/\",\"name\":\"K\u00e9pz\u00e9sek - Lunarium Academy\",\"isPartOf\":{\"@id\":\"https:\/\/lunarium-academy.com\/#website\"},\"datePublished\":\"2025-06-28T10:53:38+00:00\",\"dateModified\":\"2025-12-01T12:48:39+00:00\",\"breadcrumb\":{\"@id\":\"https:\/\/lunarium-academy.com\/kepzesek\/#breadcrumb\"},\"inLanguage\":\"en-GB\",\"potentialAction\":[{\"@type\":\"ReadAction\",\"target\":[\"https:\/\/lunarium-academy.com\/kepzesek\/\"]}]},{\"@type\":\"BreadcrumbList\",\"@id\":\"https:\/\/lunarium-academy.com\/kepzesek\/#breadcrumb\",\"itemListElement\":[{\"@type\":\"ListItem\",\"position\":1,\"name\":\"Kezd\u0151lap\",\"item\":\"https:\/\/lunarium-academy.com\/\"},{\"@type\":\"ListItem\",\"position\":2,\"name\":\"K\u00e9pz\u00e9sek\"}]},{\"@type\":\"WebSite\",\"@id\":\"https:\/\/lunarium-academy.com\/#website\",\"url\":\"https:\/\/lunarium-academy.com\/\",\"name\":\"Lunarium Academy\",\"description\":\"\",\"potentialAction\":[{\"@type\":\"SearchAction\",\"target\":{\"@type\":\"EntryPoint\",\"urlTemplate\":\"https:\/\/lunarium-academy.com\/?s={search_term_string}\"},\"query-input\":{\"@type\":\"PropertyValueSpecification\",\"valueRequired\":true,\"valueName\":\"search_term_string\"}}],\"inLanguage\":\"en-GB\"}]}<\/script>\n<!-- \/ Yoast SEO Premium plugin. -->","yoast_head_json":{"title":"Our Trainings - Lunarium Academy","robots":{"index":"index","follow":"follow","max-snippet":"max-snippet:-1","max-image-preview":"max-image-preview:large","max-video-preview":"max-video-preview:-1"},"canonical":"https:\/\/lunarium-academy.com\/en\/news\/?wmc-currency=EUR","og_locale":"en_GB","og_type":"article","og_title":"K\u00e9pz\u00e9sek","og_description":"K\u00e9pz\u00e9seink \u00c9G-K\u0150 Akkredit\u00e1lt Holisztikus \u00d6nismereti Leader \u00e9s Coach K\u00e9pz\u00e9s Megn\u00e9zem A V\u00edz\u00f6nt\u0151 kor asztrol\u00f3gi\u00e1ja \u00c1raml\u00e1sban n\u00f6veked\u00e9s Megn\u00e9zem V\u00edz\u00f6nt\u0151 Asztrol\u00f3gia Mesterfokon A holografikus csillag-horoszk\u00f3p elemz\u00e9se Megn\u00e9zem","og_url":"https:\/\/lunarium-academy.com\/en\/news\/?wmc-currency=EUR","og_site_name":"Lunarium Academy","article_modified_time":"2025-12-01T12:48:39+00:00","twitter_card":"summary_large_image","schema":{"@context":"https:\/\/schema.org","@graph":[{"@type":"WebPage","@id":"https:\/\/lunarium-academy.com\/kepzesek\/","url":"https:\/\/lunarium-academy.com\/kepzesek\/","name":"Our Trainings - Lunarium Academy","isPartOf":{"@id":"https:\/\/lunarium-academy.com\/#website"},"datePublished":"2025-06-28T10:53:38+00:00","dateModified":"2025-12-01T12:48:39+00:00","breadcrumb":{"@id":"https:\/\/lunarium-academy.com\/kepzesek\/#breadcrumb"},"inLanguage":"en-GB","potentialAction":[{"@type":"ReadAction","target":["https:\/\/lunarium-academy.com\/kepzesek\/"]}]},{"@type":"BreadcrumbList","@id":"https:\/\/lunarium-academy.com\/kepzesek\/#breadcrumb","itemListElement":[{"@type":"ListItem","position":1,"name":"Kezd\u0151lap","item":"https:\/\/lunarium-academy.com\/"},{"@type":"ListItem","position":2,"name":"K\u00e9pz\u00e9sek"}]},{"@type":"WebSite","@id":"https:\/\/lunarium-academy.com\/#website","url":"https:\/\/lunarium-academy.com\/","name":"Lunarium Academy","description":"","potentialAction":[{"@type":"SearchAction","target":{"@type":"EntryPoint","urlTemplate":"https:\/\/lunarium-academy.com\/?s={search_term_string}"},"query-input":{"@type":"PropertyValueSpecification","valueRequired":true,"valueName":"search_term_string"}}],"inLanguage":"en-GB"}]}},"_links":{"self":[{"href":"https:\/\/lunarium-academy.com\/en\/wp-json\/wp\/v2\/pages\/26","targetHints":{"allow":["GET"]}}],"collection":[{"href":"https:\/\/lunarium-academy.com\/en\/wp-json\/wp\/v2\/pages"}],"about":[{"href":"https:\/\/lunarium-academy.com\/en\/wp-json\/wp\/v2\/types\/page"}],"author":[{"embeddable":true,"href":"https:\/\/lunarium-academy.com\/en\/wp-json\/wp\/v2\/users\/1"}],"replies":[{"embeddable":true,"href":"https:\/\/lunarium-academy.com\/en\/wp-json\/wp\/v2\/comments?post=26"}],"version-history":[{"count":1,"href":"https:\/\/lunarium-academy.com\/en\/wp-json\/wp\/v2\/pages\/26\/revisions"}],"predecessor-version":[{"id":1010,"href":"https:\/\/lunarium-academy.com\/en\/wp-json\/wp\/v2\/pages\/26\/revisions\/1010"}],"wp:attachment":[{"href":"https:\/\/lunarium-academy.com\/en\/wp-json\/wp\/v2\/media?parent=26"}],"curies":[{"name":"wp","href":"https:\/\/api.w.org\/{rel}","templated":true}]}}