{"id":420,"date":"2025-07-25T11:36:03","date_gmt":"2025-07-25T09:36:03","guid":{"rendered":"https:\/\/lunarium-academy.com\/?page_id=420"},"modified":"2026-03-30T11:55:50","modified_gmt":"2026-03-30T09:55:50","slug":"meditation","status":"publish","type":"page","link":"https:\/\/lunarium-academy.com\/en\/muhelyeink\/meditacio\/","title":{"rendered":"Meditation"},"content":{"rendered":"<section class=\"bde-section-420-100 bde-section\">\n  \n  \n\t\n\n\n\n<div class=\"section-container\"><div class=\"bde-columns-420-101 bde-columns\"><div class=\"bde-column-420-102 bde-column\">\n  \n  \n\t\n\n\n\n<img decoding=\"async\" class=\"bde-image2-420-103 bde-image2\" src=\"https:\/\/lunarium-academy.com\/wp-content\/uploads\/2026\/03\/lunarium-academy-meditacio-aprilis.webp\" loading=\"lazy\" srcset=\"https:\/\/lunarium-academy.com\/wp-content\/uploads\/2026\/03\/lunarium-academy-meditacio-aprilis.webp 1280w, https:\/\/lunarium-academy.com\/wp-content\/uploads\/2026\/03\/lunarium-academy-meditacio-aprilis-300x164.webp 300w, https:\/\/lunarium-academy.com\/wp-content\/uploads\/2026\/03\/lunarium-academy-meditacio-aprilis-1024x558.webp 1024w, https:\/\/lunarium-academy.com\/wp-content\/uploads\/2026\/03\/lunarium-academy-meditacio-aprilis-768x419.webp 768w, https:\/\/lunarium-academy.com\/wp-content\/uploads\/2026\/03\/lunarium-academy-meditacio-aprilis-18x10.webp 18w, https:\/\/lunarium-academy.com\/wp-content\/uploads\/2026\/03\/lunarium-academy-meditacio-aprilis-600x327.webp 600w\" sizes=\"(max-width: 1280px) 100vw, 1280px\">\n<\/div><div class=\"bde-column-420-104 bde-column\">\n  \n  \n\t\n\n\n\n<div class=\"bde-div-420-105 bde-div\">\n  \n  \n\t\n\n\n\n<h1 class=\"bde-heading-420-106 bde-heading\">\nMeditation\n<\/h1>\n<\/div><div class=\"bde-rich-text-420-107 bde-rich-text breakdance-rich-text-styles\">\n<p class=\"s4\">The goal of the group meditations is always to find the part of your life which is related to the meditation topic and is not in harmony with your life force.<\/p>\n<\/div><div class=\"bde-div-420-110 bde-div\">\n  \n  \n\t\n\n\n\n<h3 class=\"bde-heading-420-111 bde-heading\">\nInvestment in Yourself\n<\/h3><div class=\"bde-text-420-112 bde-text\">\n12 000 Ft  + VAT\/person\n<\/div><div class=\"bde-button-420-113 bde-button\">\n    \n                                    \n    \n    \n    \n    \n            \n                    \n            \n            \n\n    \n    \n    \n    \n    \n    <a class=\"breakdance-link button-atom button-atom--custom bde-button__button\" href=\"https:\/\/lunarium-academy.com\/en\/checkout\/?add-to-cart=1251&wmc-currency=EUR\" target=\"_self\" data-type=\"url\"  >\n\n    \n        <span class=\"button-atom__text\">REGISTER NOW<\/span>\n\n        \n        \n                <\/a>\n\n    \n\n\n<\/div>\n<\/div>\n<\/div><\/div><\/div>\n<\/section><section class=\"bde-section-420-114 bde-section\">\n  \n  \n\t\n\n\n\n<div class=\"section-container\"><div class=\"bde-columns-420-116 bde-columns\"><div class=\"bde-column-420-117 bde-column\">\n  \n  \n\t\n\n\n\n<div class=\"bde-text-420-139 bde-text\">\nT\u00e9ma: LEHET\u0150S\u00c9GEINK AKTIV\u00c1L\u00c1SA A BENN\u00dcNK L\u00c9V\u0150 \u00d6T \u0150SELEM SEG\u00cdTS\u00c9G\u00c9VEL medit\u00e1ci\u00f3 - online<br>\n<\/div><div class=\"bde-rich-text-420-136 bde-rich-text breakdance-rich-text-styles\">\n<p><strong>Id\u0151pont: <\/strong>2026. 04.17. 19:00 \u00f3ra<\/p>\n<\/div><h3 class=\"bde-heading-420-120 bde-heading\">\nAz \u0150S-elemek benn\u00fcnk harmoniz\u00e1lva egy egym\u00e1st t\u00e1pl\u00e1l\u00f3 teremt\u0151 ciklusba tudnak l\u00e9pni, lehet\u0151s\u00e9geink \u00e1raml\u00e1sk\u00e9nt megny\u00edlnak \u00e9s bel\u00e9phet\u00fcnk rajtuk sz\u00e1nd\u00e9kkal \u00e9s tettel.<br>\n<\/h3><div class=\"bde-rich-text-420-119 bde-rich-text breakdance-rich-text-styles\">\n<p>Az \u00f6t elemhez \u00e9vszakok, ir\u00e1nyok, szervek, \u00e9rzelmek tartoznak \u2026 t\u00f6bbek k\u00f6z\u00f6tt. Egy-egy neh\u00e9z \u00e9rzelem fogva tarthatja az energia \u00e1raml\u00e1s\u00e1t, blokkokat, elakad\u00e1sokat okozva LEHET\u0150S\u00c9GEINKBEN, CIKLUSAINKBAN, \u00c1RAML\u00d3 TEREMT\u00c9S\u00dcNKBEN. Ezek blokkjaival fogunk dolgozni, \u00e9rintve a fizikai \u00e9s a finomtesteket.<\/p>\n<p><b>A MEDIT\u00c1CI\u00d3 SZEREPL\u0150I:<\/b><\/p>\n<p>FA - TAVASZ, M\u00c1J-EPE, D\u00dcH,<span class=\"Apple-converted-space\">\u00a0 \u00a0 \u00a0 \u00a0 \u00a0 \u00a0 \u00a0 \u00a0 \u00a0 \u00a0 \u00a0 \u00a0 \u00a0 \u00a0 \u00a0 \u00a0 \u00a0 \u00a0 \u00a0 \u00a0 \u00a0 \u00a0 \u00a0 \u00a0 \u00a0 \u00a0 \u00a0 \u00a0 \u00a0 <br \/><\/span>T\u0170Z - NY\u00c1R, SZ\u00cdV-V\u00c9KONYB\u00c9L, IJEDTS\u00c9G<br \/>F\u00d6LD - NY\u00c1RUT\u00d3, L\u00c9P-GYOMOR, AGG\u00d3D\u00c1S<br \/>F\u00c9M - \u0150SZ, T\u00dcD\u0150-VASTAGB\u00c9L, B\u00c1NAT<br \/>V\u00cdZ - T\u00c9L, VESE-HUGYH\u00d3LYAG, F\u00c9LELEM<\/p>\n<\/div>\n<\/div><div class=\"bde-column-420-122 bde-column\">\n  \n  \n\t\n\n\n\n<img decoding=\"async\" class=\"bde-image2-420-123 bde-image2\" src=\"https:\/\/lunarium-academy.com\/wp-content\/uploads\/2025\/07\/lunarium-academy-muhely-meditacio-3.jpg\" loading=\"lazy\" srcset=\"https:\/\/lunarium-academy.com\/wp-content\/uploads\/2025\/07\/lunarium-academy-muhely-meditacio-3.jpg 960w, https:\/\/lunarium-academy.com\/wp-content\/uploads\/2025\/07\/lunarium-academy-muhely-meditacio-3-300x169.jpg 300w, https:\/\/lunarium-academy.com\/wp-content\/uploads\/2025\/07\/lunarium-academy-muhely-meditacio-3-768x432.jpg 768w\" sizes=\"(max-width: 960px) 100vw, 960px\">\n<\/div><\/div><\/div>\n<\/section><section id=\"jelentkezes\" class=\"bde-section-420-126 bde-section\">\n  \n  \n\t\n\n\n\n<div class=\"section-container\"><h3 class=\"bde-heading-420-127 bde-heading\">\nEzekkel az energi\u00e1kkal \u00e9s dinamik\u00e1kkal fogunk dolgozni a medit\u00e1ci\u00f3 alatt.<br>Szeretettel v\u00e1runk!\n<\/h3><div class=\"bde-button-420-154 bde-button\">\n    \n                                    \n    \n    \n    \n    \n            \n                    \n            \n            \n\n    \n    \n    \n    \n    \n    <a class=\"breakdance-link button-atom button-atom--custom bde-button__button\" href=\"https:\/\/lunarium-academy.com\/en\/checkout\/?add-to-cart=1251&wmc-currency=EUR\" target=\"_self\" data-type=\"url\"  >\n\n    \n        <span class=\"button-atom__text\">REGISTER NOW<\/span>\n\n        \n        \n                <\/a>\n\n    \n\n\n<\/div><\/div>\n<\/section>","protected":false},"excerpt":{"rendered":"<p>Medit\u00e1ci\u00f3 A csoportos medit\u00e1ci\u00f3k c\u00e9lja mindig az, hogy megtal\u00e1ljuk az \u00e9letedben azt a medit\u00e1ci\u00f3 t\u00e9m\u00e1j\u00e1hoz kapcsol\u00f3d\u00f3 r\u00e9szt, amely nincs \u00f6sszhangban az \u00e9leter\u0151ddel. Befektet\u00e9s \u00f6nmagadba 12 000 Ft + \u00c1FA\/f\u0151 Jelentkezem T\u00e9ma: LEHET\u0150S\u00c9GEINK AKTIV\u00c1L\u00c1SA A BENN\u00dcNK L\u00c9V\u0150 \u00d6T \u0150SELEM SEG\u00cdTS\u00c9G\u00c9VEL medit\u00e1ci\u00f3 &#8211; online Id\u0151pont: 2026. 04.17. 19:00 \u00f3ra Az \u0150S-elemek benn\u00fcnk harmoniz\u00e1lva egy egym\u00e1st t\u00e1pl\u00e1l\u00f3 teremt\u0151 [&hellip;]<\/p>\n","protected":false},"author":1,"featured_media":0,"parent":165,"menu_order":0,"comment_status":"closed","ping_status":"closed","template":"","meta":{"_breakdance_hide_in_design_set":false,"_breakdance_tags":"","footnotes":""},"class_list":["post-420","page","type-page","status-publish","hentry"],"yoast_head":"<!-- This site is optimized with the Yoast SEO Premium plugin v27.2 (Yoast SEO v27.2) - https:\/\/yoast.com\/product\/yoast-seo-premium-wordpress\/ -->\n<title>Medit\u00e1ci\u00f3 - Lunarium Academy<\/title>\n<meta name=\"robots\" content=\"index, follow, max-snippet:-1, max-image-preview:large, max-video-preview:-1\" \/>\n<link rel=\"canonical\" href=\"https:\/\/lunarium-academy.com\/en\/workshops\/meditation\/?wmc-currency=EUR\" \/>\n<meta property=\"og:locale\" content=\"en_GB\" \/>\n<meta property=\"og:type\" content=\"article\" \/>\n<meta property=\"og:title\" content=\"Medit\u00e1ci\u00f3\" \/>\n<meta property=\"og:description\" content=\"Medit\u00e1ci\u00f3 A csoportos medit\u00e1ci\u00f3k c\u00e9lja mindig az, hogy megtal\u00e1ljuk az \u00e9letedben azt a medit\u00e1ci\u00f3 t\u00e9m\u00e1j\u00e1hoz kapcsol\u00f3d\u00f3 r\u00e9szt, amely nincs \u00f6sszhangban az \u00e9leter\u0151ddel. Befektet\u00e9s \u00f6nmagadba 12 000 Ft + \u00c1FA\/f\u0151 Jelentkezem T\u00e9ma: LEHET\u0150S\u00c9GEINK AKTIV\u00c1L\u00c1SA A BENN\u00dcNK L\u00c9V\u0150 \u00d6T \u0150SELEM SEG\u00cdTS\u00c9G\u00c9VEL medit\u00e1ci\u00f3 - online Id\u0151pont: 2026. 04.17. 19:00 \u00f3ra Az \u0150S-elemek benn\u00fcnk harmoniz\u00e1lva egy egym\u00e1st t\u00e1pl\u00e1l\u00f3 teremt\u0151 [&hellip;]\" \/>\n<meta property=\"og:url\" content=\"https:\/\/lunarium-academy.com\/en\/workshops\/meditation\/?wmc-currency=EUR\" \/>\n<meta property=\"og:site_name\" content=\"Lunarium Academy\" \/>\n<meta property=\"article:modified_time\" content=\"2026-03-30T09:55:50+00:00\" \/>\n<meta name=\"twitter:card\" content=\"summary_large_image\" \/>\n<meta name=\"twitter:label1\" content=\"Estimated reading time\" \/>\n\t<meta name=\"twitter:data1\" content=\"2 minutes\" \/>\n<script type=\"application\/ld+json\" class=\"yoast-schema-graph\">{\"@context\":\"https:\/\/schema.org\",\"@graph\":[{\"@type\":\"WebPage\",\"@id\":\"https:\/\/lunarium-academy.com\/muhelyeink\/meditacio\/\",\"url\":\"https:\/\/lunarium-academy.com\/muhelyeink\/meditacio\/\",\"name\":\"Medit\u00e1ci\u00f3 - Lunarium Academy\",\"isPartOf\":{\"@id\":\"https:\/\/lunarium-academy.com\/#website\"},\"datePublished\":\"2025-07-25T09:36:03+00:00\",\"dateModified\":\"2026-03-30T09:55:50+00:00\",\"breadcrumb\":{\"@id\":\"https:\/\/lunarium-academy.com\/muhelyeink\/meditacio\/#breadcrumb\"},\"inLanguage\":\"en-GB\",\"potentialAction\":[{\"@type\":\"ReadAction\",\"target\":[\"https:\/\/lunarium-academy.com\/muhelyeink\/meditacio\/\"]}]},{\"@type\":\"BreadcrumbList\",\"@id\":\"https:\/\/lunarium-academy.com\/muhelyeink\/meditacio\/#breadcrumb\",\"itemListElement\":[{\"@type\":\"ListItem\",\"position\":1,\"name\":\"Kezd\u0151lap\",\"item\":\"https:\/\/lunarium-academy.com\/\"},{\"@type\":\"ListItem\",\"position\":2,\"name\":\"M\u0171helyeink\",\"item\":\"https:\/\/lunarium-academy.com\/muhelyeink\/\"},{\"@type\":\"ListItem\",\"position\":3,\"name\":\"Medit\u00e1ci\u00f3\"}]},{\"@type\":\"WebSite\",\"@id\":\"https:\/\/lunarium-academy.com\/#website\",\"url\":\"https:\/\/lunarium-academy.com\/\",\"name\":\"Lunarium Academy\",\"description\":\"\",\"potentialAction\":[{\"@type\":\"SearchAction\",\"target\":{\"@type\":\"EntryPoint\",\"urlTemplate\":\"https:\/\/lunarium-academy.com\/?s={search_term_string}\"},\"query-input\":{\"@type\":\"PropertyValueSpecification\",\"valueRequired\":true,\"valueName\":\"search_term_string\"}}],\"inLanguage\":\"en-GB\"}]}<\/script>\n<!-- \/ Yoast SEO Premium plugin. -->","yoast_head_json":{"title":"Meditation - Lunarium Academy","robots":{"index":"index","follow":"follow","max-snippet":"max-snippet:-1","max-image-preview":"max-image-preview:large","max-video-preview":"max-video-preview:-1"},"canonical":"https:\/\/lunarium-academy.com\/en\/workshops\/meditation\/?wmc-currency=EUR","og_locale":"en_GB","og_type":"article","og_title":"Medit\u00e1ci\u00f3","og_description":"Medit\u00e1ci\u00f3 A csoportos medit\u00e1ci\u00f3k c\u00e9lja mindig az, hogy megtal\u00e1ljuk az \u00e9letedben azt a medit\u00e1ci\u00f3 t\u00e9m\u00e1j\u00e1hoz kapcsol\u00f3d\u00f3 r\u00e9szt, amely nincs \u00f6sszhangban az \u00e9leter\u0151ddel. Befektet\u00e9s \u00f6nmagadba 12 000 Ft + \u00c1FA\/f\u0151 Jelentkezem T\u00e9ma: LEHET\u0150S\u00c9GEINK AKTIV\u00c1L\u00c1SA A BENN\u00dcNK L\u00c9V\u0150 \u00d6T \u0150SELEM SEG\u00cdTS\u00c9G\u00c9VEL medit\u00e1ci\u00f3 - online Id\u0151pont: 2026. 04.17. 19:00 \u00f3ra Az \u0150S-elemek benn\u00fcnk harmoniz\u00e1lva egy egym\u00e1st t\u00e1pl\u00e1l\u00f3 teremt\u0151 [&hellip;]","og_url":"https:\/\/lunarium-academy.com\/en\/workshops\/meditation\/?wmc-currency=EUR","og_site_name":"Lunarium Academy","article_modified_time":"2026-03-30T09:55:50+00:00","twitter_card":"summary_large_image","twitter_misc":{"Estimated reading time":"2 minutes"},"schema":{"@context":"https:\/\/schema.org","@graph":[{"@type":"WebPage","@id":"https:\/\/lunarium-academy.com\/muhelyeink\/meditacio\/","url":"https:\/\/lunarium-academy.com\/muhelyeink\/meditacio\/","name":"Meditation - Lunarium Academy","isPartOf":{"@id":"https:\/\/lunarium-academy.com\/#website"},"datePublished":"2025-07-25T09:36:03+00:00","dateModified":"2026-03-30T09:55:50+00:00","breadcrumb":{"@id":"https:\/\/lunarium-academy.com\/muhelyeink\/meditacio\/#breadcrumb"},"inLanguage":"en-GB","potentialAction":[{"@type":"ReadAction","target":["https:\/\/lunarium-academy.com\/muhelyeink\/meditacio\/"]}]},{"@type":"BreadcrumbList","@id":"https:\/\/lunarium-academy.com\/muhelyeink\/meditacio\/#breadcrumb","itemListElement":[{"@type":"ListItem","position":1,"name":"Kezd\u0151lap","item":"https:\/\/lunarium-academy.com\/"},{"@type":"ListItem","position":2,"name":"M\u0171helyeink","item":"https:\/\/lunarium-academy.com\/muhelyeink\/"},{"@type":"ListItem","position":3,"name":"Medit\u00e1ci\u00f3"}]},{"@type":"WebSite","@id":"https:\/\/lunarium-academy.com\/#website","url":"https:\/\/lunarium-academy.com\/","name":"Lunarium Academy","description":"","potentialAction":[{"@type":"SearchAction","target":{"@type":"EntryPoint","urlTemplate":"https:\/\/lunarium-academy.com\/?s={search_term_string}"},"query-input":{"@type":"PropertyValueSpecification","valueRequired":true,"valueName":"search_term_string"}}],"inLanguage":"en-GB"}]}},"_links":{"self":[{"href":"https:\/\/lunarium-academy.com\/en\/wp-json\/wp\/v2\/pages\/420","targetHints":{"allow":["GET"]}}],"collection":[{"href":"https:\/\/lunarium-academy.com\/en\/wp-json\/wp\/v2\/pages"}],"about":[{"href":"https:\/\/lunarium-academy.com\/en\/wp-json\/wp\/v2\/types\/page"}],"author":[{"embeddable":true,"href":"https:\/\/lunarium-academy.com\/en\/wp-json\/wp\/v2\/users\/1"}],"replies":[{"embeddable":true,"href":"https:\/\/lunarium-academy.com\/en\/wp-json\/wp\/v2\/comments?post=420"}],"version-history":[{"count":7,"href":"https:\/\/lunarium-academy.com\/en\/wp-json\/wp\/v2\/pages\/420\/revisions"}],"predecessor-version":[{"id":1255,"href":"https:\/\/lunarium-academy.com\/en\/wp-json\/wp\/v2\/pages\/420\/revisions\/1255"}],"up":[{"embeddable":true,"href":"https:\/\/lunarium-academy.com\/en\/wp-json\/wp\/v2\/pages\/165"}],"wp:attachment":[{"href":"https:\/\/lunarium-academy.com\/en\/wp-json\/wp\/v2\/media?parent=420"}],"curies":[{"name":"wp","href":"https:\/\/api.w.org\/{rel}","templated":true}]}}