{"id":743,"date":"2025-08-11T18:47:52","date_gmt":"2025-08-11T16:47:52","guid":{"rendered":"https:\/\/lunarium-academy.com\/?page_id=743"},"modified":"2026-03-12T11:12:40","modified_gmt":"2026-03-12T10:12:40","slug":"library-articles","status":"publish","type":"page","link":"https:\/\/lunarium-academy.com\/en\/tudastar\/","title":{"rendered":"Library"},"content":{"rendered":"<section class=\"bde-section-743-100 bde-section\">\n  \n  \n\t\n\n\n\n<div class=\"section-container\"><h1 class=\"bde-heading-743-101 bde-heading\">\nLibrary\n<\/h1><div class=\"bde-fancy-divider-743-102 bde-fancy-divider\">\n\n\n<div class=\"bde-fancy-divider__wrapper\">\n  <div class=\"bde-fancy-divider__separator\">\n  \t  <\/div>\n<\/div>\n\n<\/div><\/div>\n<\/section><section class=\"bde-section-743-103 bde-section\">\n  \n  \n\t\n\n\n\n<div class=\"section-container\"><div class=\"bde-post-list-743-105 bde-post-list\">\n<div class=\"bde-loop bde-loop-grid ee-posts ee-posts-grid\">    <article class=\"bde-loop-item ee-post\">\n      \n      \n    <div class=\"bde-loop-item__wrap ee-post-wrap\">\n      \n          <h3 class=\"ee-post-title\">\n    <a class=\"bde-loop-item__title-link ee-post-title-link\" href=\"https:\/\/lunarium-academy.com\/en\/meditacio\/meditacio-telihold-verhold-2026-03-03\/\" >\n        MEDIT\u00c1CI\u00d3 TELIHOLD\/V\u00c9RHOLD\/2026 03 03    <\/a>\n    <\/h3>\n          <div class=\"bde-loop-item__content ee-post-content\">\n            Intu\u00edci\u00f3 \u00e9s az \u00e9rtelem, a f\u00e9rfias \u00e9s n\u0151ies energi\u00e1k egyens\u00falya. Plazma, mint mind a kozmosz, mind az emberi test els\u0151dleges \u00e1llapota. Szakr\u00e1lis geometria \u2013 Az Univerzum harm\u00f3ni\u00e1ja. Plazma, Szakr\u00e1lis geometria&hellip;        <\/div>\n      \n    \n                                    \n    \n    \n    \n    \n            \n                    \n            \n            \n\n    \n    \n    \n    \n    \n    <a class=\"breakdance-link button-atom button-atom--custom bde-loop-item__button ee-post-button\" href=\"https:\/\/lunarium-academy.com\/en\/meditacio\/meditacio-telihold-verhold-2026-03-03\/\" target=\"_self\" data-type=\"\"  >\n\n    \n        <span class=\"button-atom__text\">Learn more<\/span>\n\n        \n        \n                <\/a>\n\n    \n\n\n\n\n      \n    <\/div>\n\n    <\/article>\n\n        <article class=\"bde-loop-item ee-post\">\n      \n      \n    <div class=\"bde-loop-item__wrap ee-post-wrap\">\n      \n          <h3 class=\"ee-post-title\">\n    <a class=\"bde-loop-item__title-link ee-post-title-link\" href=\"https:\/\/lunarium-academy.com\/en\/meditacio\/csakrak-osszehangolasa-a-teremto-ero-megerositese\/\" >\n        Csakr\u00e1k \u00f6sszehangol\u00e1sa \u2013 a teremt\u0151 er\u0151 meger\u0151s\u00edt\u00e9se    <\/a>\n    <\/h3>\n          <div class=\"bde-loop-item__content ee-post-content\">\n            A csakrarendszer harmoniz\u00e1l\u00e1s\u00e1n kereszt\u00fcl er\u0151s\u00edti a bels\u0151 egyens\u00falyt \u00e9s a teremt\u0151 energi\u00e1kat, hogy tiszt\u00e1bban, stabilabban \u00e9s nagyobb bels\u0151 er\u0151vel haladj a saj\u00e1t utadon. To access this post, you must purchase&hellip;        <\/div>\n      \n    \n                                    \n    \n    \n    \n    \n            \n                    \n            \n            \n\n    \n    \n    \n    \n    \n    <a class=\"breakdance-link button-atom button-atom--custom bde-loop-item__button ee-post-button\" href=\"https:\/\/lunarium-academy.com\/en\/meditacio\/csakrak-osszehangolasa-a-teremto-ero-megerositese\/\" target=\"_self\" data-type=\"\"  >\n\n    \n        <span class=\"button-atom__text\">Learn more<\/span>\n\n        \n        \n                <\/a>\n\n    \n\n\n\n\n      \n    <\/div>\n\n    <\/article>\n\n        <article class=\"bde-loop-item ee-post\">\n      \n      \n    <div class=\"bde-loop-item__wrap ee-post-wrap\">\n      \n          <h3 class=\"ee-post-title\">\n    <a class=\"bde-loop-item__title-link ee-post-title-link\" href=\"https:\/\/lunarium-academy.com\/en\/meditacio\/2026-energetikai-es-csillag-asztrologiai-elorejelzes\/\" >\n        2026 energetikai \u00e9s csillag-asztrol\u00f3giai el\u0151rejelz\u00e9s    <\/a>\n    <\/h3>\n          <div class=\"bde-loop-item__content ee-post-content\">\n            Ez a medit\u00e1ci\u00f3 seg\u00edt r\u00e1hangol\u00f3dni az el\u0151tt\u00fcnk \u00e1ll\u00f3 \u00e9v min\u0151s\u00e9geire, t\u00e1mogatja a tudatos tervez\u00e9st, \u00e9s megmutatja, milyen bels\u0151 f\u00f3kuszokra \u00e9rdemes \u00e9p\u00edtened 2026-ban. To access this post, you must purchase \u00d6nfejleszt\u00e9si&hellip;        <\/div>\n      \n    \n                                    \n    \n    \n    \n    \n            \n                    \n            \n            \n\n    \n    \n    \n    \n    \n    <a class=\"breakdance-link button-atom button-atom--custom bde-loop-item__button ee-post-button\" href=\"https:\/\/lunarium-academy.com\/en\/meditacio\/2026-energetikai-es-csillag-asztrologiai-elorejelzes\/\" target=\"_self\" data-type=\"\"  >\n\n    \n        <span class=\"button-atom__text\">Learn more<\/span>\n\n        \n        \n                <\/a>\n\n    \n\n\n\n\n      \n    <\/div>\n\n    <\/article>\n\n        <article class=\"bde-loop-item ee-post\">\n      \n      \n    <div class=\"bde-loop-item__wrap ee-post-wrap\">\n      \n          <h3 class=\"ee-post-title\">\n    <a class=\"bde-loop-item__title-link ee-post-title-link\" href=\"https:\/\/lunarium-academy.com\/en\/tudastar\/ti-is-ereztetek-ezen-a-nyaron-hogy-nehezebbek-voltak-a-napok-es-mintha-egy-feneketlen-kut-nyelne-el-a-teremto-erotoket\/\" >\n        Did you also feel this summer that the days were more difficult, and as if an endless pit was swallowing your creative energy?    <\/a>\n    <\/h3>\n          <div class=\"bde-loop-item__content ee-post-content\">\n            This summer was somehow different from the others. Instead of yellow, the Sun shone with a whiter light, except for a few terribly hot days, the weather was quite pleasant and warm. Apart from two or three weeks...        <\/div>\n      \n    \n                                    \n    \n    \n    \n    \n            \n                    \n            \n            \n\n    \n    \n    \n    \n    \n    <a class=\"breakdance-link button-atom button-atom--custom bde-loop-item__button ee-post-button\" href=\"https:\/\/lunarium-academy.com\/en\/tudastar\/ti-is-ereztetek-ezen-a-nyaron-hogy-nehezebbek-voltak-a-napok-es-mintha-egy-feneketlen-kut-nyelne-el-a-teremto-erotoket\/\" target=\"_self\" data-type=\"\"  >\n\n    \n        <span class=\"button-atom__text\">Learn more<\/span>\n\n        \n        \n                <\/a>\n\n    \n\n\n\n\n      \n    <\/div>\n\n    <\/article>\n\n        <article class=\"bde-loop-item ee-post\">\n      \n      \n    <div class=\"bde-loop-item__wrap ee-post-wrap\">\n      \n          <h3 class=\"ee-post-title\">\n    <a class=\"bde-loop-item__title-link ee-post-title-link\" href=\"https:\/\/lunarium-academy.com\/en\/tudastar\/54-ev-4-honap-es-1-het\/\" >\n        54 years, 4 months, and 1 week\u2026    <\/a>\n    <\/h3>\n          <div class=\"bde-loop-item__content ee-post-content\">\n            \u2026 that\u2019s how much time has passed between the two photos. Oh, don\u2019t think this is a funeral oration. Quite the opposite \u2013 it\u2019s a celebration of LIFE. When the montage was finished...        <\/div>\n      \n    \n                                    \n    \n    \n    \n    \n            \n                    \n            \n            \n\n    \n    \n    \n    \n    \n    <a class=\"breakdance-link button-atom button-atom--custom bde-loop-item__button ee-post-button\" href=\"https:\/\/lunarium-academy.com\/en\/tudastar\/54-ev-4-honap-es-1-het\/\" target=\"_self\" data-type=\"\"  >\n\n    \n        <span class=\"button-atom__text\">Learn more<\/span>\n\n        \n        \n                <\/a>\n\n    \n\n\n\n\n      \n    <\/div>\n\n    <\/article>\n\n        <article class=\"bde-loop-item ee-post\">\n      \n      \n    <div class=\"bde-loop-item__wrap ee-post-wrap\">\n      \n          <h3 class=\"ee-post-title\">\n    <a class=\"bde-loop-item__title-link ee-post-title-link\" href=\"https:\/\/lunarium-academy.com\/en\/tudastar\/racio-es-intuicio\/\" >\n        Ration and Intuition    <\/a>\n    <\/h3>\n          <div class=\"bde-loop-item__content ee-post-content\">\n            What do YOU do when your intuition conflicts with your logic or reason? Do you prefer one\nover the other? Which one is dominant in your life? On the topic of reason and intuition\u2026        <\/div>\n      \n    \n                                    \n    \n    \n    \n    \n            \n                    \n            \n            \n\n    \n    \n    \n    \n    \n    <a class=\"breakdance-link button-atom button-atom--custom bde-loop-item__button ee-post-button\" href=\"https:\/\/lunarium-academy.com\/en\/tudastar\/racio-es-intuicio\/\" target=\"_self\" data-type=\"\"  >\n\n    \n        <span class=\"button-atom__text\">Learn more<\/span>\n\n        \n        \n                <\/a>\n\n    \n\n\n\n\n      \n    <\/div>\n\n    <\/article>\n\n        <article class=\"bde-loop-item ee-post\">\n      \n      \n    <div class=\"bde-loop-item__wrap ee-post-wrap\">\n      \n          <h3 class=\"ee-post-title\">\n    <a class=\"bde-loop-item__title-link ee-post-title-link\" href=\"https:\/\/lunarium-academy.com\/en\/tudastar\/a-kommunikacio-arnyoldalai\/\" >\n        The shadow-sides of communication    <\/a>\n    <\/h3>\n          <div class=\"bde-loop-item__content ee-post-content\">\n            Like it or not, communication always flows in two ways - \"I understand what you're\nsaying\" and \"You understand what I'm saying.\" In order to communicate well with\nthese two sentences in mind, it's essential to know...        <\/div>\n      \n    \n                                    \n    \n    \n    \n    \n            \n                    \n            \n            \n\n    \n    \n    \n    \n    \n    <a class=\"breakdance-link button-atom button-atom--custom bde-loop-item__button ee-post-button\" href=\"https:\/\/lunarium-academy.com\/en\/tudastar\/a-kommunikacio-arnyoldalai\/\" target=\"_self\" data-type=\"\"  >\n\n    \n        <span class=\"button-atom__text\">Learn more<\/span>\n\n        \n        \n                <\/a>\n\n    \n\n\n\n\n      \n    <\/div>\n\n    <\/article>\n\n        <article class=\"bde-loop-item ee-post\">\n      \n      \n    <div class=\"bde-loop-item__wrap ee-post-wrap\">\n      \n          <h3 class=\"ee-post-title\">\n    <a class=\"bde-loop-item__title-link ee-post-title-link\" href=\"https:\/\/lunarium-academy.com\/en\/tudastar\/informacio-inspiracio-kivitelezheto-gyakorlatok-a-valtozasert\/\" >\n        INFORMATION - INSPIRATION - DOABLE EXERCISES FOR CHANGE    <\/a>\n    <\/h3>\n          <div class=\"bde-loop-item__content ee-post-content\">\n            Grievance Story vs. Hero Story\nWe would start by saying that forgiveness is a very important step in changing difficult,\nrepulsive feelings into light and motivating ones. With forgiveness, you don't have to love\nwhat happened, but you accept...        <\/div>\n      \n    \n                                    \n    \n    \n    \n    \n            \n                    \n            \n            \n\n    \n    \n    \n    \n    \n    <a class=\"breakdance-link button-atom button-atom--custom bde-loop-item__button ee-post-button\" href=\"https:\/\/lunarium-academy.com\/en\/tudastar\/informacio-inspiracio-kivitelezheto-gyakorlatok-a-valtozasert\/\" target=\"_self\" data-type=\"\"  >\n\n    \n        <span class=\"button-atom__text\">Learn more<\/span>\n\n        \n        \n                <\/a>\n\n    \n\n\n\n\n      \n    <\/div>\n\n    <\/article>\n\n        <article class=\"bde-loop-item ee-post\">\n      \n      \n    <div class=\"bde-loop-item__wrap ee-post-wrap\">\n      \n          <h3 class=\"ee-post-title\">\n    <a class=\"bde-loop-item__title-link ee-post-title-link\" href=\"https:\/\/lunarium-academy.com\/en\/tudastar\/ezt-dobta-az-elet\/\" >\n        \u201cI am Stuck in What Life Threw at  Me\"    <\/a>\n    <\/h3>\n          <div class=\"bde-loop-item__content ee-post-content\">\n            We hear this sentence a lot. It's a challenge to hear it from a person who is over fifty, but it\nis even more of a challenge from someone who is only thirty.\nWe participated in...        <\/div>\n      \n    \n                                    \n    \n    \n    \n    \n            \n                    \n            \n            \n\n    \n    \n    \n    \n    \n    <a class=\"breakdance-link button-atom button-atom--custom bde-loop-item__button ee-post-button\" href=\"https:\/\/lunarium-academy.com\/en\/tudastar\/ezt-dobta-az-elet\/\" target=\"_self\" data-type=\"\"  >\n\n    \n        <span class=\"button-atom__text\">Learn more<\/span>\n\n        \n        \n                <\/a>\n\n    \n\n\n\n\n      \n    <\/div>\n\n    <\/article>\n\n        <article class=\"bde-loop-item ee-post\">\n      \n      \n    <div class=\"bde-loop-item__wrap ee-post-wrap\">\n      \n          <h3 class=\"ee-post-title\">\n    <a class=\"bde-loop-item__title-link ee-post-title-link\" href=\"https:\/\/lunarium-academy.com\/en\/tudastar\/milyen-a-vilag-egy-coach-szemszogebol\/\" >\n        What is the World Like from a Coach's Perspective?    <\/a>\n    <\/h3>\n          <div class=\"bde-loop-item__content ee-post-content\">\n            A kommunik\u00e1ci\u00f3 sor\u00e1n az integr\u00e1l elm\u00e9let azt seg\u00edt felismerni magunkban \u00e9s m\u00e1sokban is, hogy honnan l\u00e1tjuk a vil\u00e1got. Ez az a l\u00e1t\u00e1sm\u00f3d, ez az a doboz vagy szoba, vagy szem\u00fcveg,&hellip;        <\/div>\n      \n    \n                                    \n    \n    \n    \n    \n            \n                    \n            \n            \n\n    \n    \n    \n    \n    \n    <a class=\"breakdance-link button-atom button-atom--custom bde-loop-item__button ee-post-button\" href=\"https:\/\/lunarium-academy.com\/en\/tudastar\/milyen-a-vilag-egy-coach-szemszogebol\/\" target=\"_self\" data-type=\"\"  >\n\n    \n        <span class=\"button-atom__text\">Learn more<\/span>\n\n        \n        \n                <\/a>\n\n    \n\n\n\n\n      \n    <\/div>\n\n    <\/article>\n\n    <\/div>\n<\/div><div class=\"bde-div-743-106 bde-div\">\n  \n  \n\t\n\n\n\n<h2 class=\"bde-heading-743-108 bde-heading\">\nVideos\n<\/h2><div class=\"bde-fancy-divider-743-109 bde-fancy-divider\">\n\n\n<div class=\"bde-fancy-divider__wrapper\">\n  <div class=\"bde-fancy-divider__separator\">\n  \t  <\/div>\n<\/div>\n\n<\/div>\n<\/div><div class=\"bde-grid-743-110 bde-grid\">\n  \n  \n\t\n\n\n\n<div class=\"bde-video-743-119 bde-video\">\n<div class=\"ee-video-container\">\n                                                                            \n                                \n                <iframe\n                        class=\"ee-video lozad\"\n                title=\"\"\n                                data-src=\"https:\/\/www.youtube.com\/embed\/UN9y1-B9aFg?feature=oembed&playsinline=0&rel=0&enablejsapi=1\"\n                frameborder=\"0\"\n                allow=\"accelerometer; autoplay; clipboard-write; encrypted-media; gyroscope; picture-in-picture\"\n                allowfullscreen>\n                <\/iframe>\n                    \n        \n            \n    <\/div>\n\n<\/div><div class=\"bde-video-743-118 bde-video\">\n<div class=\"ee-video-container\">\n                                                                            \n                                \n                <iframe\n                        class=\"ee-video lozad\"\n                title=\"\"\n                                data-src=\"https:\/\/www.youtube.com\/embed\/9CXEcJITZcA?feature=oembed&playsinline=0&rel=0&enablejsapi=1\"\n                frameborder=\"0\"\n                allow=\"accelerometer; autoplay; clipboard-write; encrypted-media; gyroscope; picture-in-picture\"\n                allowfullscreen>\n                <\/iframe>\n                    \n        \n            \n    <\/div>\n\n<\/div><div class=\"bde-video-743-117 bde-video\">\n<div class=\"ee-video-container\">\n                                                                            \n                                \n                <iframe\n                        class=\"ee-video lozad\"\n                title=\"\"\n                                data-src=\"https:\/\/www.youtube.com\/embed\/IXjWZFwgC_g?feature=oembed&playsinline=0&rel=0&enablejsapi=1\"\n                frameborder=\"0\"\n                allow=\"accelerometer; autoplay; clipboard-write; encrypted-media; gyroscope; picture-in-picture\"\n                allowfullscreen>\n                <\/iframe>\n                    \n        \n            \n    <\/div>\n\n<\/div><div class=\"bde-video-743-111 bde-video\">\n<div class=\"ee-video-container\">\n                                                                            \n                                \n                <iframe\n                        class=\"ee-video lozad\"\n                title=\"\"\n                                data-src=\"https:\/\/www.youtube.com\/embed\/hAbWu4WcR4c?feature=oembed&playsinline=0&rel=0&enablejsapi=1\"\n                frameborder=\"0\"\n                allow=\"accelerometer; autoplay; clipboard-write; encrypted-media; gyroscope; picture-in-picture\"\n                allowfullscreen>\n                <\/iframe>\n                    \n        \n            \n    <\/div>\n\n<\/div><div class=\"bde-video-743-113 bde-video\">\n<div class=\"ee-video-container\">\n                                                                            \n                                \n                <iframe\n                        class=\"ee-video lozad\"\n                title=\"\"\n                                data-src=\"https:\/\/www.youtube.com\/embed\/qanmCcpVSWc?feature=oembed&playsinline=0&rel=0&enablejsapi=1\"\n                frameborder=\"0\"\n                allow=\"accelerometer; autoplay; clipboard-write; encrypted-media; gyroscope; picture-in-picture\"\n                allowfullscreen>\n                <\/iframe>\n                    \n        \n            \n    <\/div>\n\n<\/div><div class=\"bde-video-743-112 bde-video\">\n<div class=\"ee-video-container\">\n                                                                            \n                                \n                <iframe\n                        class=\"ee-video lozad\"\n                title=\"\"\n                                data-src=\"https:\/\/www.youtube.com\/embed\/kvHcrveiBwE?feature=oembed&playsinline=0&rel=0&enablejsapi=1\"\n                frameborder=\"0\"\n                allow=\"accelerometer; autoplay; clipboard-write; encrypted-media; gyroscope; picture-in-picture\"\n                allowfullscreen>\n                <\/iframe>\n                    \n        \n            \n    <\/div>\n\n<\/div><div class=\"bde-video-743-116 bde-video\">\n<div class=\"ee-video-container\">\n                                                                            \n                                \n                <iframe\n                        class=\"ee-video lozad\"\n                title=\"\"\n                                data-src=\"https:\/\/www.youtube.com\/embed\/EZsFHb9fqL4?feature=oembed&playsinline=0&rel=0&enablejsapi=1\"\n                frameborder=\"0\"\n                allow=\"accelerometer; autoplay; clipboard-write; encrypted-media; gyroscope; picture-in-picture\"\n                allowfullscreen>\n                <\/iframe>\n                    \n        \n            \n    <\/div>\n\n<\/div><div class=\"bde-video-743-115 bde-video\">\n<div class=\"ee-video-container\">\n                                                                            \n                                \n                <iframe\n                        class=\"ee-video lozad\"\n                title=\"\"\n                                data-src=\"https:\/\/www.youtube.com\/embed\/wSB7y__D4cQ?feature=oembed&playsinline=0&rel=0&enablejsapi=1\"\n                frameborder=\"0\"\n                allow=\"accelerometer; autoplay; clipboard-write; encrypted-media; gyroscope; picture-in-picture\"\n                allowfullscreen>\n                <\/iframe>\n                    \n        \n            \n    <\/div>\n\n<\/div><div class=\"bde-video-743-114 bde-video\">\n<div class=\"ee-video-container\">\n                                                                            \n                                \n                <iframe\n                        class=\"ee-video lozad\"\n                title=\"\"\n                                data-src=\"https:\/\/www.youtube.com\/embed\/Cp6vEzDAkgA?feature=oembed&playsinline=0&rel=0&enablejsapi=1\"\n                frameborder=\"0\"\n                allow=\"accelerometer; autoplay; clipboard-write; encrypted-media; gyroscope; picture-in-picture\"\n                allowfullscreen>\n                <\/iframe>\n                    \n        \n            \n    <\/div>\n\n<\/div><div class=\"bde-video-743-120 bde-video\">\n<div class=\"ee-video-container\">\n                                                                            \n                                \n                <iframe\n                        class=\"ee-video lozad\"\n                title=\"\"\n                                data-src=\"https:\/\/www.youtube.com\/embed\/RGQVMN5FncY?feature=oembed&playsinline=0&rel=0&enablejsapi=1\"\n                frameborder=\"0\"\n                allow=\"accelerometer; autoplay; clipboard-write; encrypted-media; gyroscope; picture-in-picture\"\n                allowfullscreen>\n                <\/iframe>\n                    \n        \n            \n    <\/div>\n\n<\/div>\n<\/div><\/div>\n<\/section>","protected":false},"excerpt":{"rendered":"","protected":false},"author":1,"featured_media":0,"parent":0,"menu_order":0,"comment_status":"closed","ping_status":"closed","template":"","meta":{"_breakdance_hide_in_design_set":false,"_breakdance_tags":"","footnotes":""},"class_list":["post-743","page","type-page","status-publish","hentry"],"yoast_head":"<!-- This site is optimized with the Yoast SEO Premium plugin v27.2 (Yoast SEO v27.2) - https:\/\/yoast.com\/product\/yoast-seo-premium-wordpress\/ -->\n<title>Tud\u00e1st\u00e1r - Lunarium Academy<\/title>\n<meta name=\"robots\" content=\"index, follow, max-snippet:-1, max-image-preview:large, max-video-preview:-1\" \/>\n<link rel=\"canonical\" href=\"https:\/\/lunarium-academy.com\/en\/library-articles\/?wmc-currency=EUR\" \/>\n<meta property=\"og:locale\" content=\"en_GB\" \/>\n<meta property=\"og:type\" content=\"article\" \/>\n<meta property=\"og:title\" content=\"Tud\u00e1st\u00e1r\" \/>\n<meta property=\"og:url\" content=\"https:\/\/lunarium-academy.com\/en\/library-articles\/?wmc-currency=EUR\" \/>\n<meta property=\"og:site_name\" content=\"Lunarium Academy\" \/>\n<meta property=\"article:modified_time\" content=\"2026-03-12T10:12:40+00:00\" \/>\n<meta name=\"twitter:card\" content=\"summary_large_image\" \/>\n<script type=\"application\/ld+json\" class=\"yoast-schema-graph\">{\"@context\":\"https:\/\/schema.org\",\"@graph\":[{\"@type\":\"WebPage\",\"@id\":\"https:\/\/lunarium-academy.com\/tudastar\/\",\"url\":\"https:\/\/lunarium-academy.com\/tudastar\/\",\"name\":\"Tud\u00e1st\u00e1r - Lunarium Academy\",\"isPartOf\":{\"@id\":\"https:\/\/lunarium-academy.com\/#website\"},\"datePublished\":\"2025-08-11T16:47:52+00:00\",\"dateModified\":\"2026-03-12T10:12:40+00:00\",\"breadcrumb\":{\"@id\":\"https:\/\/lunarium-academy.com\/tudastar\/#breadcrumb\"},\"inLanguage\":\"en-GB\",\"potentialAction\":[{\"@type\":\"ReadAction\",\"target\":[\"https:\/\/lunarium-academy.com\/tudastar\/\"]}]},{\"@type\":\"BreadcrumbList\",\"@id\":\"https:\/\/lunarium-academy.com\/tudastar\/#breadcrumb\",\"itemListElement\":[{\"@type\":\"ListItem\",\"position\":1,\"name\":\"Kezd\u0151lap\",\"item\":\"https:\/\/lunarium-academy.com\/\"},{\"@type\":\"ListItem\",\"position\":2,\"name\":\"Tud\u00e1st\u00e1r\"}]},{\"@type\":\"WebSite\",\"@id\":\"https:\/\/lunarium-academy.com\/#website\",\"url\":\"https:\/\/lunarium-academy.com\/\",\"name\":\"Lunarium Academy\",\"description\":\"\",\"potentialAction\":[{\"@type\":\"SearchAction\",\"target\":{\"@type\":\"EntryPoint\",\"urlTemplate\":\"https:\/\/lunarium-academy.com\/?s={search_term_string}\"},\"query-input\":{\"@type\":\"PropertyValueSpecification\",\"valueRequired\":true,\"valueName\":\"search_term_string\"}}],\"inLanguage\":\"en-GB\"}]}<\/script>\n<!-- \/ Yoast SEO Premium plugin. -->","yoast_head_json":{"title":"Library - Lunarium Academy","robots":{"index":"index","follow":"follow","max-snippet":"max-snippet:-1","max-image-preview":"max-image-preview:large","max-video-preview":"max-video-preview:-1"},"canonical":"https:\/\/lunarium-academy.com\/en\/library-articles\/?wmc-currency=EUR","og_locale":"en_GB","og_type":"article","og_title":"Tud\u00e1st\u00e1r","og_url":"https:\/\/lunarium-academy.com\/en\/library-articles\/?wmc-currency=EUR","og_site_name":"Lunarium Academy","article_modified_time":"2026-03-12T10:12:40+00:00","twitter_card":"summary_large_image","schema":{"@context":"https:\/\/schema.org","@graph":[{"@type":"WebPage","@id":"https:\/\/lunarium-academy.com\/tudastar\/","url":"https:\/\/lunarium-academy.com\/tudastar\/","name":"Library - Lunarium Academy","isPartOf":{"@id":"https:\/\/lunarium-academy.com\/#website"},"datePublished":"2025-08-11T16:47:52+00:00","dateModified":"2026-03-12T10:12:40+00:00","breadcrumb":{"@id":"https:\/\/lunarium-academy.com\/tudastar\/#breadcrumb"},"inLanguage":"en-GB","potentialAction":[{"@type":"ReadAction","target":["https:\/\/lunarium-academy.com\/tudastar\/"]}]},{"@type":"BreadcrumbList","@id":"https:\/\/lunarium-academy.com\/tudastar\/#breadcrumb","itemListElement":[{"@type":"ListItem","position":1,"name":"Kezd\u0151lap","item":"https:\/\/lunarium-academy.com\/"},{"@type":"ListItem","position":2,"name":"Tud\u00e1st\u00e1r"}]},{"@type":"WebSite","@id":"https:\/\/lunarium-academy.com\/#website","url":"https:\/\/lunarium-academy.com\/","name":"Lunarium Academy","description":"","potentialAction":[{"@type":"SearchAction","target":{"@type":"EntryPoint","urlTemplate":"https:\/\/lunarium-academy.com\/?s={search_term_string}"},"query-input":{"@type":"PropertyValueSpecification","valueRequired":true,"valueName":"search_term_string"}}],"inLanguage":"en-GB"}]}},"_links":{"self":[{"href":"https:\/\/lunarium-academy.com\/en\/wp-json\/wp\/v2\/pages\/743","targetHints":{"allow":["GET"]}}],"collection":[{"href":"https:\/\/lunarium-academy.com\/en\/wp-json\/wp\/v2\/pages"}],"about":[{"href":"https:\/\/lunarium-academy.com\/en\/wp-json\/wp\/v2\/types\/page"}],"author":[{"embeddable":true,"href":"https:\/\/lunarium-academy.com\/en\/wp-json\/wp\/v2\/users\/1"}],"replies":[{"embeddable":true,"href":"https:\/\/lunarium-academy.com\/en\/wp-json\/wp\/v2\/comments?post=743"}],"version-history":[{"count":1,"href":"https:\/\/lunarium-academy.com\/en\/wp-json\/wp\/v2\/pages\/743\/revisions"}],"predecessor-version":[{"id":1245,"href":"https:\/\/lunarium-academy.com\/en\/wp-json\/wp\/v2\/pages\/743\/revisions\/1245"}],"wp:attachment":[{"href":"https:\/\/lunarium-academy.com\/en\/wp-json\/wp\/v2\/media?parent=743"}],"curies":[{"name":"wp","href":"https:\/\/api.w.org\/{rel}","templated":true}]}}